{"id":23345,"date":"2020-11-26T07:47:07","date_gmt":"2020-11-26T07:47:07","guid":{"rendered":"https:\/\/lendai.us\/politica-de-privacidad\/"},"modified":"2025-01-06T05:30:42","modified_gmt":"2025-01-06T05:30:42","slug":"politica-de-privacidad","status":"publish","type":"page","link":"https:\/\/dev.lendai.us\/es\/politica-de-privacidad\/","title":{"rendered":"Pol\u00edtica de privacidad"},"content":{"rendered":"\t\t<div data-elementor-type=\"wp-page\" data-elementor-id=\"23345\" class=\"elementor elementor-23345 elementor-382\" data-elementor-post-type=\"page\">\n\t\t\t\t\t\t<section class=\"elementor-section elementor-top-section elementor-element elementor-element-b5306ab elementor-section-boxed elementor-section-height-default elementor-section-height-default\" data-id=\"b5306ab\" data-element_type=\"section\">\n\t\t\t\t\t\t<div class=\"elementor-container elementor-column-gap-default\">\n\t\t\t\t\t<div class=\"elementor-column elementor-col-100 elementor-top-column elementor-element elementor-element-9dc97d2\" data-id=\"9dc97d2\" data-element_type=\"column\">\n\t\t\t<div class=\"elementor-widget-wrap elementor-element-populated\">\n\t\t\t\t\t\t<div class=\"elementor-element elementor-element-e549579 elementor-widget elementor-widget-heading\" data-id=\"e549579\" data-element_type=\"widget\" data-widget_type=\"heading.default\">\n\t\t\t\t<div class=\"elementor-widget-container\">\n\t\t\t\t\t<h1 class=\"elementor-heading-title elementor-size-default\">Pol\u00edtica de privacidad<\/h1>\t\t\t\t<\/div>\n\t\t\t\t<\/div>\n\t\t\t\t<div class=\"elementor-element elementor-element-19a06ec elementor-widget elementor-widget-text-editor\" data-id=\"19a06ec\" data-element_type=\"widget\" data-widget_type=\"text-editor.default\">\n\t\t\t\t<div class=\"elementor-widget-container\">\n\t\t\t\t\t\t\t\t\t<h3>Pol\u00edtica de privacidad de Lendai<\/h3><p>En Lendai US Inc, accesible desde www.lendai.us, una de nuestras principales prioridades es la privacidad de nuestros visitantes. El presente documento de Pol\u00edtica de Privacidad contiene los tipos de informaci\u00f3n que recoge y registra Lendai US Inc, y c\u00f3mo la utilizamos.<\/p><p>Si tiene preguntas adicionales o necesita m\u00e1s informaci\u00f3n sobre nuestra Pol\u00edtica de Privacidad, no dude en ponerse en contacto con nosotros a trav\u00e9s del correo electr\u00f3nico support@lendai.us.<\/p><h2>Reglamento general de protecci\u00f3n de datos (RGPD)<\/h2><p>Somos responsables del tratamiento de sus datos.<\/p><p>Lendai US Inc, la base legal para recopilar y utilizar la informaci\u00f3n personal descrita en esta Pol\u00edtica de Privacidad depende de la Informaci\u00f3n Personal que recopilamos y del contexto espec\u00edfico en el que recopilamos la informaci\u00f3n:<\/p><ul><li>Lendai US Inc, necesita cumplir un contrato con usted<\/li><li>Has dado permiso a Lendai US Inc, para hacerlo<\/li><li>El tratamiento de sus datos personales responde a los intereses leg\u00edtimos de Lendai US Inc<\/li><li>Lendai US Inc, tiene que cumplir la ley<\/li><\/ul><p>Lendai US Inc, conservar\u00e1 su informaci\u00f3n personal s\u00f3lo durante el tiempo que sea necesario para los fines establecidos en la presente Pol\u00edtica de Privacidad. Conservaremos y utilizaremos su informaci\u00f3n en la medida necesaria para cumplir nuestras obligaciones legales, resolver litigios y hacer cumplir nuestras pol\u00edticas. Nuestra Pol\u00edtica de Privacidad fue generada con la ayuda del Generador de Pol\u00edtica de Privacidad GDPR y la Plantilla de Pol\u00edtica de Privacidad GDPR.<\/p><p>Si reside en el Espacio Econ\u00f3mico Europeo (EEE), tiene determinados derechos en materia de protecci\u00f3n de datos. Si desea que le informemos de qu\u00e9 Datos Personales tenemos sobre usted y si quiere que los eliminemos de nuestros sistemas, p\u00f3ngase en contacto con nosotros.<\/p><p>En determinadas circunstancias, usted tiene los siguientes derechos de protecci\u00f3n de datos:<\/p><ul><li>Derecho a acceder a la informaci\u00f3n que tenemos sobre usted, actualizarla o eliminarla.<\/li><li>Derecho de rectificaci\u00f3n.<\/li><li>Derecho de oposici\u00f3n.<\/li><li>El derecho de restricci\u00f3n.<\/li><li>Derecho a la portabilidad de los datos<\/li><li>Derecho a retirar el consentimiento<\/li><\/ul><h2>Archivos de registro<\/h2><p>Lendai US Inc, sigue un procedimiento est\u00e1ndar de uso de archivos de registro. Estos archivos registran a los visitantes cuando visitan los sitios web. Todas las empresas de alojamiento lo hacen y forma parte de los an\u00e1lisis de los servicios de alojamiento. La informaci\u00f3n recogida por los archivos de registro incluye direcciones de protocolo de Internet (IP), tipo de navegador, proveedor de servicios de Internet (ISP), sello de fecha y hora, p\u00e1ginas de referencia\/salida y, posiblemente, el n\u00famero de clics. No est\u00e1n vinculadas a ninguna informaci\u00f3n que permita la identificaci\u00f3n personal. La finalidad de la informaci\u00f3n es analizar tendencias, administrar el sitio, seguir los movimientos de los usuarios en el sitio web y recopilar informaci\u00f3n demogr\u00e1fica.<\/p><h2>Cookies y balizas web<\/h2><p>Como cualquier otro sitio web, Lend Ai utiliza \u00abcookies\u00bb. Estas cookies se utilizan para almacenar informaci\u00f3n, incluidas las preferencias de los visitantes y las p\u00e1ginas del sitio web a las que el visitante accedi\u00f3 o visit\u00f3. La informaci\u00f3n se utiliza para optimizar la experiencia de los usuarios personalizando el contenido de nuestra p\u00e1gina web en funci\u00f3n del tipo de navegador de los visitantes y\/u otra informaci\u00f3n.<\/p><h2>Cookie DART de DoubleClick de Google<\/h2><p>Google es uno de los proveedores externos de nuestro sitio. Tambi\u00e9n utiliza cookies, conocidas como cookies DART, para ofrecer anuncios a los visitantes de nuestro sitio en funci\u00f3n de su visita a www.lendai.us y a otros sitios de Internet. Sin embargo, los visitantes pueden optar por rechazar el uso de cookies de DART visitando la Pol\u00edtica de privacidad de la red de anuncios y contenidos de Google en la siguiente URL: <a href=\"https:\/\/policies.google.com\/technologies\/ads\" target=\"_blank\" rel=\"noopener\">policies.google.com\/technologies\/ads<\/a><\/p><h2>Nuestros socios publicitarios<\/h2><p>Algunos de los anunciantes de nuestro sitio pueden utilizar cookies y balizas web. A continuaci\u00f3n se enumeran nuestros socios publicitarios. Cada uno de nuestros socios publicitarios tiene su propia Pol\u00edtica de Privacidad para sus pol\u00edticas sobre los datos de los usuarios. Para facilitar el acceso, a continuaci\u00f3n incluimos hiperv\u00ednculos a sus pol\u00edticas de privacidad.<\/p><p>Google- <a href=\"https:\/\/policies.google.com\/technologies\/ads\" target=\"_blank\" rel=\"noopener\">policies.google.com\/technologies\/ads<\/a><\/p><h2>Pol\u00edtica de privacidad<\/h2><p>Puede consultar esta lista para encontrar la Pol\u00edtica de Privacidad de cada uno de los socios publicitarios de Lend Ai.<\/p><p>Los servidores o redes publicitarias de terceros utilizan tecnolog\u00edas como cookies, JavaScript o Web Beacons que se emplean en sus respectivos anuncios y enlaces que aparecen en Lendai US Inc, y que se env\u00edan directamente al navegador de los usuarios. Cuando esto ocurre, reciben autom\u00e1ticamente su direcci\u00f3n IP. Estas tecnolog\u00edas se utilizan para medir la eficacia de sus campa\u00f1as publicitarias y\/o personalizar el contenido publicitario que usted ve en los sitios web que visita.<\/p><p>Tenga en cuenta que Lendai US Inc no tiene acceso ni control sobre estas cookies utilizadas por terceros anunciantes.<\/p><h3>Pol\u00edticas de privacidad de terceros<\/h3><p>La Pol\u00edtica de Privacidad de Lend Ai no se aplica a otros anunciantes o sitios web. Por lo tanto, le aconsejamos que consulte las respectivas pol\u00edticas de privacidad de estos servidores de anuncios de terceros para obtener informaci\u00f3n m\u00e1s detallada. Puede incluir sus pr\u00e1cticas e instrucciones sobre c\u00f3mo excluirse de determinadas opciones. Puede optar por desactivar las cookies a trav\u00e9s de las opciones individuales de su navegador.<\/p><p>Puede optar por desactivar las cookies a trav\u00e9s de las opciones individuales de su navegador. Para conocer informaci\u00f3n m\u00e1s detallada sobre la gesti\u00f3n de cookies con navegadores web espec\u00edficos, puede consultar las p\u00e1ginas web respectivas de los navegadores. \u00bfQu\u00e9 son las cookies?<\/p><h3>Informaci\u00f3n infantil<\/h3><p>Otra parte de nuestra prioridad es a\u00f1adir protecci\u00f3n para los ni\u00f1os en el uso de Internet. Animamos a los padres y tutores a que observen, participen y\/o supervisen y gu\u00eden su actividad en Internet.<\/p><p>Lendai US Inc, no recopila conscientemente ninguna Informaci\u00f3n de Identificaci\u00f3n Personal de ni\u00f1os menores de 13 a\u00f1os. Si cree que su hijo ha facilitado este tipo de informaci\u00f3n en nuestro sitio web, le recomendamos encarecidamente que se ponga en contacto con nosotros inmediatamente y haremos todo lo posible por eliminar r\u00e1pidamente dicha informaci\u00f3n de nuestros registros.<\/p><h3>Pol\u00edtica de privacidad en l\u00ednea<\/h3><p>Nuestra pol\u00edtica de privacidad se aplica \u00fanicamente a nuestras actividades en l\u00ednea y es v\u00e1lida para los visitantes de nuestro sitio web con respecto a la informaci\u00f3n que compartieron y \/ o recoger en Lendai US Inc,. Esta pol\u00edtica no es aplicable a ninguna informaci\u00f3n recopilada fuera de l\u00ednea o a trav\u00e9s de canales distintos de este sitio web.<\/p><h3><strong>Informaci\u00f3n y Consentimiento M\u00f3vil<\/strong><\/h3><p>Valoramos su privacidad y garantizamos que:<\/p><ul><li>Ninguna informaci\u00f3n m\u00f3vil ser\u00e1 compartida con terceros o afiliados para fines de marketing o promocionales.<\/li><li>Todas las categor\u00edas mencionadas anteriormente excluyen los datos de consentimiento y suscripci\u00f3n de origen de mensajes de texto. Esta informaci\u00f3n no ser\u00e1 compartida con ning\u00fan tercero.<\/li><\/ul><h2>Consentimiento<\/h2><p>Al utilizar nuestro sitio web, usted acepta nuestra Pol\u00edtica de privacidad y est\u00e1 de acuerdo con sus t\u00e9rminos.<\/p>\t\t\t\t\t\t\t\t<\/div>\n\t\t\t\t<\/div>\n\t\t\t\t\t<\/div>\n\t\t<\/div>\n\t\t\t\t\t<\/div>\n\t\t<\/section>\n\t\t\t\t<\/div>\n\t\t","protected":false},"excerpt":{"rendered":"<p>Pol\u00edtica de privacidad de Lendai En Lendai US Inc, accesible desde www.lendai.us, una de nuestras principales prioridades es la privacidad de nuestros visitantes. El presente documento de Pol\u00edtica de Privacidad contiene los tipos de informaci\u00f3n que recoge y registra Lendai US Inc, y c\u00f3mo la utilizamos. Si tiene preguntas adicionales o necesita m\u00e1s informaci\u00f3n sobre [&hellip;]<\/p>\n","protected":false},"author":25,"featured_media":0,"parent":0,"menu_order":68,"comment_status":"closed","ping_status":"closed","template":"elementor_header_footer","meta":{"footnotes":"","_links_to":"","_links_to_target":""},"class_list":["post-23345","page","type-page","status-publish","hentry"],"yoast_head":"<!-- This site is optimized with the Yoast SEO plugin v25.3.1 - https:\/\/yoast.com\/wordpress\/plugins\/seo\/ -->\n<title>Pol\u00edtica de privacidad - Lendai<\/title>\n<meta name=\"description\" content=\": \u00bfEres un inversor extranjero que necesita un pr\u00e9stamo? En Lendai, compartimos de manera transparente qu\u00e9 tipo de informaci\u00f3n recopilamos y registramos, as\u00ed como c\u00f3mo la utilizamos.\" \/>\n<meta name=\"robots\" content=\"index, follow, max-snippet:-1, max-image-preview:large, max-video-preview:-1\" \/>\n<link rel=\"canonical\" href=\"https:\/\/dev.lendai.us\/es\/politica-de-privacidad\/\" \/>\n<meta property=\"og:locale\" content=\"es_ES\" \/>\n<meta property=\"og:type\" content=\"article\" \/>\n<meta property=\"og:title\" content=\"Pol\u00edtica de privacidad - Lendai\" \/>\n<meta property=\"og:description\" content=\": \u00bfEres un inversor extranjero que necesita un pr\u00e9stamo? En Lendai, compartimos de manera transparente qu\u00e9 tipo de informaci\u00f3n recopilamos y registramos, as\u00ed como c\u00f3mo la utilizamos.\" \/>\n<meta property=\"og:url\" content=\"https:\/\/dev.lendai.us\/es\/politica-de-privacidad\/\" \/>\n<meta property=\"og:site_name\" content=\"Lendai\" \/>\n<meta property=\"article:publisher\" content=\"https:\/\/www.facebook.com\/Lendai.us\/\" \/>\n<meta property=\"article:modified_time\" content=\"2025-01-06T05:30:42+00:00\" \/>\n<meta name=\"twitter:card\" content=\"summary_large_image\" \/>\n<meta name=\"twitter:site\" content=\"@lendai_tech\" \/>\n<meta name=\"twitter:label1\" content=\"Tiempo de lectura\" \/>\n\t<meta name=\"twitter:data1\" content=\"6 minutos\" \/>\n<script type=\"application\/ld+json\" class=\"yoast-schema-graph\">{\"@context\":\"https:\/\/schema.org\",\"@graph\":[{\"@type\":\"WebPage\",\"@id\":\"https:\/\/dev.lendai.us\/es\/politica-de-privacidad\/\",\"url\":\"https:\/\/dev.lendai.us\/es\/politica-de-privacidad\/\",\"name\":\"Pol\u00edtica de privacidad - Lendai\",\"isPartOf\":{\"@id\":\"https:\/\/lendaius.kinsta.cloud\/#website\"},\"datePublished\":\"2020-11-26T07:47:07+00:00\",\"dateModified\":\"2025-01-06T05:30:42+00:00\",\"description\":\": \u00bfEres un inversor extranjero que necesita un pr\u00e9stamo? En Lendai, compartimos de manera transparente qu\u00e9 tipo de informaci\u00f3n recopilamos y registramos, as\u00ed como c\u00f3mo la utilizamos.\",\"breadcrumb\":{\"@id\":\"https:\/\/dev.lendai.us\/es\/politica-de-privacidad\/#breadcrumb\"},\"inLanguage\":\"es\",\"potentialAction\":[{\"@type\":\"ReadAction\",\"target\":[\"https:\/\/dev.lendai.us\/es\/politica-de-privacidad\/\"]}]},{\"@type\":\"BreadcrumbList\",\"@id\":\"https:\/\/dev.lendai.us\/es\/politica-de-privacidad\/#breadcrumb\",\"itemListElement\":[{\"@type\":\"ListItem\",\"position\":1,\"name\":\"Home\",\"item\":\"https:\/\/partnership.lendai.us\/es\/\"},{\"@type\":\"ListItem\",\"position\":2,\"name\":\"Pol\u00edtica de privacidad\"}]},{\"@type\":\"WebSite\",\"@id\":\"https:\/\/lendaius.kinsta.cloud\/#website\",\"url\":\"https:\/\/lendaius.kinsta.cloud\/\",\"name\":\"Lendai\",\"description\":\"US Mortgage for Global Investors\",\"publisher\":{\"@id\":\"https:\/\/lendaius.kinsta.cloud\/#organization\"},\"potentialAction\":[{\"@type\":\"SearchAction\",\"target\":{\"@type\":\"EntryPoint\",\"urlTemplate\":\"https:\/\/lendaius.kinsta.cloud\/?s={search_term_string}\"},\"query-input\":{\"@type\":\"PropertyValueSpecification\",\"valueRequired\":true,\"valueName\":\"search_term_string\"}}],\"inLanguage\":\"es\"},{\"@type\":\"Organization\",\"@id\":\"https:\/\/lendaius.kinsta.cloud\/#organization\",\"name\":\"Lendai\",\"url\":\"https:\/\/lendaius.kinsta.cloud\/\",\"logo\":{\"@type\":\"ImageObject\",\"inLanguage\":\"es\",\"@id\":\"https:\/\/lendaius.kinsta.cloud\/#\/schema\/logo\/image\/\",\"url\":\"https:\/\/lendai.us\/wp-content\/uploads\/2022\/07\/Lendai-Logo.svg\",\"contentUrl\":\"https:\/\/lendai.us\/wp-content\/uploads\/2022\/07\/Lendai-Logo.svg\",\"width\":113,\"height\":28,\"caption\":\"Lendai\"},\"image\":{\"@id\":\"https:\/\/lendaius.kinsta.cloud\/#\/schema\/logo\/image\/\"},\"sameAs\":[\"https:\/\/www.facebook.com\/Lendai.us\/\",\"https:\/\/x.com\/lendai_tech\"]}]}<\/script>\n<!-- \/ Yoast SEO plugin. -->","yoast_head_json":{"title":"Pol\u00edtica de privacidad - Lendai","description":": \u00bfEres un inversor extranjero que necesita un pr\u00e9stamo? En Lendai, compartimos de manera transparente qu\u00e9 tipo de informaci\u00f3n recopilamos y registramos, as\u00ed como c\u00f3mo la utilizamos.","robots":{"index":"index","follow":"follow","max-snippet":"max-snippet:-1","max-image-preview":"max-image-preview:large","max-video-preview":"max-video-preview:-1"},"canonical":"https:\/\/dev.lendai.us\/es\/politica-de-privacidad\/","og_locale":"es_ES","og_type":"article","og_title":"Pol\u00edtica de privacidad - Lendai","og_description":": \u00bfEres un inversor extranjero que necesita un pr\u00e9stamo? En Lendai, compartimos de manera transparente qu\u00e9 tipo de informaci\u00f3n recopilamos y registramos, as\u00ed como c\u00f3mo la utilizamos.","og_url":"https:\/\/dev.lendai.us\/es\/politica-de-privacidad\/","og_site_name":"Lendai","article_publisher":"https:\/\/www.facebook.com\/Lendai.us\/","article_modified_time":"2025-01-06T05:30:42+00:00","twitter_card":"summary_large_image","twitter_site":"@lendai_tech","twitter_misc":{"Tiempo de lectura":"6 minutos"},"schema":{"@context":"https:\/\/schema.org","@graph":[{"@type":"WebPage","@id":"https:\/\/dev.lendai.us\/es\/politica-de-privacidad\/","url":"https:\/\/dev.lendai.us\/es\/politica-de-privacidad\/","name":"Pol\u00edtica de privacidad - Lendai","isPartOf":{"@id":"https:\/\/lendaius.kinsta.cloud\/#website"},"datePublished":"2020-11-26T07:47:07+00:00","dateModified":"2025-01-06T05:30:42+00:00","description":": \u00bfEres un inversor extranjero que necesita un pr\u00e9stamo? En Lendai, compartimos de manera transparente qu\u00e9 tipo de informaci\u00f3n recopilamos y registramos, as\u00ed como c\u00f3mo la utilizamos.","breadcrumb":{"@id":"https:\/\/dev.lendai.us\/es\/politica-de-privacidad\/#breadcrumb"},"inLanguage":"es","potentialAction":[{"@type":"ReadAction","target":["https:\/\/dev.lendai.us\/es\/politica-de-privacidad\/"]}]},{"@type":"BreadcrumbList","@id":"https:\/\/dev.lendai.us\/es\/politica-de-privacidad\/#breadcrumb","itemListElement":[{"@type":"ListItem","position":1,"name":"Home","item":"https:\/\/partnership.lendai.us\/es\/"},{"@type":"ListItem","position":2,"name":"Pol\u00edtica de privacidad"}]},{"@type":"WebSite","@id":"https:\/\/lendaius.kinsta.cloud\/#website","url":"https:\/\/lendaius.kinsta.cloud\/","name":"Lendai","description":"US Mortgage for Global Investors","publisher":{"@id":"https:\/\/lendaius.kinsta.cloud\/#organization"},"potentialAction":[{"@type":"SearchAction","target":{"@type":"EntryPoint","urlTemplate":"https:\/\/lendaius.kinsta.cloud\/?s={search_term_string}"},"query-input":{"@type":"PropertyValueSpecification","valueRequired":true,"valueName":"search_term_string"}}],"inLanguage":"es"},{"@type":"Organization","@id":"https:\/\/lendaius.kinsta.cloud\/#organization","name":"Lendai","url":"https:\/\/lendaius.kinsta.cloud\/","logo":{"@type":"ImageObject","inLanguage":"es","@id":"https:\/\/lendaius.kinsta.cloud\/#\/schema\/logo\/image\/","url":"https:\/\/lendai.us\/wp-content\/uploads\/2022\/07\/Lendai-Logo.svg","contentUrl":"https:\/\/lendai.us\/wp-content\/uploads\/2022\/07\/Lendai-Logo.svg","width":113,"height":28,"caption":"Lendai"},"image":{"@id":"https:\/\/lendaius.kinsta.cloud\/#\/schema\/logo\/image\/"},"sameAs":["https:\/\/www.facebook.com\/Lendai.us\/","https:\/\/x.com\/lendai_tech"]}]}},"_links":{"self":[{"href":"https:\/\/dev.lendai.us\/es\/wp-json\/wp\/v2\/pages\/23345","targetHints":{"allow":["GET"]}}],"collection":[{"href":"https:\/\/dev.lendai.us\/es\/wp-json\/wp\/v2\/pages"}],"about":[{"href":"https:\/\/dev.lendai.us\/es\/wp-json\/wp\/v2\/types\/page"}],"author":[{"embeddable":true,"href":"https:\/\/dev.lendai.us\/es\/wp-json\/wp\/v2\/users\/25"}],"replies":[{"embeddable":true,"href":"https:\/\/dev.lendai.us\/es\/wp-json\/wp\/v2\/comments?post=23345"}],"version-history":[{"count":12,"href":"https:\/\/dev.lendai.us\/es\/wp-json\/wp\/v2\/pages\/23345\/revisions"}],"predecessor-version":[{"id":30838,"href":"https:\/\/dev.lendai.us\/es\/wp-json\/wp\/v2\/pages\/23345\/revisions\/30838"}],"wp:attachment":[{"href":"https:\/\/dev.lendai.us\/es\/wp-json\/wp\/v2\/media?parent=23345"}],"curies":[{"name":"wp","href":"https:\/\/api.w.org\/{rel}","templated":true}]}}