{"id":30910,"date":"2025-01-30T05:50:31","date_gmt":"2025-01-30T05:50:31","guid":{"rendered":"https:\/\/lendai.us\/aviso-del-fondo-de-recuperacion-de-texas\/"},"modified":"2025-01-30T06:14:46","modified_gmt":"2025-01-30T06:14:46","slug":"aviso-del-fondo-de-recuperacion-de-texas","status":"publish","type":"page","link":"https:\/\/dev.lendai.us\/es\/aviso-del-fondo-de-recuperacion-de-texas\/","title":{"rendered":"Aviso del Fondo de Recuperaci\u00f3n de Texas"},"content":{"rendered":"\t\t<div data-elementor-type=\"wp-page\" data-elementor-id=\"30910\" class=\"elementor elementor-30910 elementor-30902\" data-elementor-post-type=\"page\">\n\t\t\t\t\t\t<section class=\"elementor-section elementor-top-section elementor-element elementor-element-30dd6e7 elementor-section-boxed elementor-section-height-default elementor-section-height-default\" data-id=\"30dd6e7\" data-element_type=\"section\">\n\t\t\t\t\t\t<div class=\"elementor-container elementor-column-gap-default\">\n\t\t\t\t\t<div class=\"elementor-column elementor-col-100 elementor-top-column elementor-element elementor-element-fe389c4\" data-id=\"fe389c4\" data-element_type=\"column\">\n\t\t\t<div class=\"elementor-widget-wrap elementor-element-populated\">\n\t\t\t\t\t\t<div class=\"elementor-element elementor-element-d674f83 elementor-widget elementor-widget-heading\" data-id=\"d674f83\" data-element_type=\"widget\" data-widget_type=\"heading.default\">\n\t\t\t\t<div class=\"elementor-widget-container\">\n\t\t\t\t\t<h1 class=\"elementor-heading-title elementor-size-default\">Aviso del Fondo de Recuperaci\u00f3n de Texas<\/h1>\t\t\t\t<\/div>\n\t\t\t\t<\/div>\n\t\t\t\t<div class=\"elementor-element elementor-element-b8dbd16 elementor-widget elementor-widget-text-editor\" data-id=\"b8dbd16\" data-element_type=\"widget\" data-widget_type=\"text-editor.default\">\n\t\t\t\t<div class=\"elementor-widget-container\">\n\t\t\t\t\t\t\t\t\t<p><strong>LOS CONSUMIDORES QUE DESEEN PRESENTAR UNA QUEJA CONTRA UNA EMPRESA O UN ORIGINADOR DE PR\u00c9STAMOS HIPOTECARIOS RESIDENCIALES DEBEN COMPLETAR Y ENVIAR UN FORMULARIO DE QUEJA AL DEPARTAMENTO DE AHORROS Y PR\u00c9STAMOS HIPOTECARIOS DE TEXAS, 2601 NORTH LAMAR, SUITE 201, AUSTIN, TEXAS 78705. LOS FORMULARIOS DE QUEJA Y LAS INSTRUCCIONES SE PUEDEN OBTENER EN EL SITIO WEB DEL DEPARTAMENTO EN <a href=\"https:\/\/www.sml.texas.gov\" target=\"_new\" rel=\"noopener\">WWW.SML.TEXAS.GOV<\/a>. UNA L\u00cdNEA DIRECTA GRATUITA PARA EL CONSUMIDOR EST\u00c1 DISPONIBLE EN EL 1-877-276-5550. EL DEPARTAMENTO MANTIENE UN FONDO DE RECUPERACI\u00d3N PARA REALIZAR PAGOS DE CIERTOS DA\u00d1OS REALES DE DESEMBOLSO SUFRIDOS POR LOS PRESTATARIOS CAUSADOS POR ACTOS DE ORIGINADORES DE PR\u00c9STAMOS HIPOTECARIOS RESIDENCIALES AUTORIZADOS. UNA SOLICITUD ESCRITA DE REEMBOLSO DEL FONDO DE RECUPERACI\u00d3N DEBE SER PRESENTADA E INVESTIGADA POR EL DEPARTAMENTO ANTES DEL PAGO DE UNA RECLAMACI\u00d3N. PARA OBTENER M\u00c1S INFORMACI\u00d3N SOBRE EL FONDO DE RECUPERACI\u00d3N, CONSULTE EL SITIO WEB DEL DEPARTAMENTO EN <a href=\"https:\/\/www.sml.texas.gov\" target=\"_new\" rel=\"noopener\">WWW.SML.TEXAS.GOV<\/a>.     <\/strong><\/p>\n<p>Se puede encontrar informaci\u00f3n adicional en:<br \/>\ud83d\udd17 <a href=\"https:\/\/texreg.sos.state.tx.us\/public\/readtac%24ext.TacPage?sl=R&amp;app=9&amp;p_dir=&amp;p_rloc=&amp;p_tloc=&amp;p_ploc=&amp;pg=1&amp;p_tac=&amp;ti=7&amp;pt=4&amp;ch=80&amp;rl=200\" target=\"_new\" rel=\"noopener\">C\u00f3digo Administrativo de Texas &#8211; Licencias Hipotecarias y Fondo de Recuperaci\u00f3n<\/a><\/p>\n\t\t\t\t\t\t\t\t<\/div>\n\t\t\t\t<\/div>\n\t\t\t\t\t<\/div>\n\t\t<\/div>\n\t\t\t\t\t<\/div>\n\t\t<\/section>\n\t\t\t\t<\/div>\n\t\t","protected":false},"excerpt":{"rendered":"<p>LOS CONSUMIDORES QUE DESEEN PRESENTAR UNA QUEJA CONTRA UNA EMPRESA O UN ORIGINADOR DE PR\u00c9STAMOS HIPOTECARIOS RESIDENCIALES DEBEN COMPLETAR Y ENVIAR UN FORMULARIO DE QUEJA AL DEPARTAMENTO DE AHORROS Y PR\u00c9STAMOS HIPOTECARIOS DE TEXAS, 2601 NORTH LAMAR, SUITE 201, AUSTIN, TEXAS 78705. LOS FORMULARIOS DE QUEJA Y LAS INSTRUCCIONES SE PUEDEN OBTENER EN EL SITIO [&hellip;]<\/p>\n","protected":false},"author":25,"featured_media":0,"parent":0,"menu_order":73,"comment_status":"closed","ping_status":"closed","template":"elementor_header_footer","meta":{"footnotes":"","_links_to":"","_links_to_target":""},"class_list":["post-30910","page","type-page","status-publish","hentry"],"yoast_head":"<!-- This site is optimized with the Yoast SEO plugin v25.3.1 - https:\/\/yoast.com\/wordpress\/plugins\/seo\/ -->\n<title>Aviso del Fondo de Recuperaci\u00f3n de Texas | Financiaci\u00f3n en EE.UU. para inversores latinoamericanos - Lendai<\/title>\n<meta name=\"description\" content=\"Este website est\u00e1 protegido por derechos de autor y pertenece a Lendai. Lendai hace que la financiaci\u00f3n en EE.UU. para inversores extranjeros sea sencilla, r\u00e1pida y eficaz.\" \/>\n<meta name=\"robots\" content=\"index, follow, max-snippet:-1, max-image-preview:large, max-video-preview:-1\" \/>\n<link rel=\"canonical\" href=\"https:\/\/dev.lendai.us\/es\/aviso-del-fondo-de-recuperacion-de-texas\/\" \/>\n<meta property=\"og:locale\" content=\"es_ES\" \/>\n<meta property=\"og:type\" content=\"article\" \/>\n<meta property=\"og:title\" content=\"Aviso del Fondo de Recuperaci\u00f3n de Texas | Financiaci\u00f3n en EE.UU. para inversores latinoamericanos - Lendai\" \/>\n<meta property=\"og:description\" content=\"Este website est\u00e1 protegido por derechos de autor y pertenece a Lendai. Lendai hace que la financiaci\u00f3n en EE.UU. para inversores extranjeros sea sencilla, r\u00e1pida y eficaz.\" \/>\n<meta property=\"og:url\" content=\"https:\/\/dev.lendai.us\/es\/aviso-del-fondo-de-recuperacion-de-texas\/\" \/>\n<meta property=\"og:site_name\" content=\"Lendai\" \/>\n<meta property=\"article:publisher\" content=\"https:\/\/www.facebook.com\/Lendai.us\/\" \/>\n<meta property=\"article:modified_time\" content=\"2025-01-30T06:14:46+00:00\" \/>\n<meta name=\"twitter:card\" content=\"summary_large_image\" \/>\n<meta name=\"twitter:site\" content=\"@lendai_tech\" \/>\n<meta name=\"twitter:label1\" content=\"Tiempo de lectura\" \/>\n\t<meta name=\"twitter:data1\" content=\"1 minuto\" \/>\n<script type=\"application\/ld+json\" class=\"yoast-schema-graph\">{\"@context\":\"https:\/\/schema.org\",\"@graph\":[{\"@type\":\"WebPage\",\"@id\":\"https:\/\/dev.lendai.us\/es\/aviso-del-fondo-de-recuperacion-de-texas\/\",\"url\":\"https:\/\/dev.lendai.us\/es\/aviso-del-fondo-de-recuperacion-de-texas\/\",\"name\":\"Aviso del Fondo de Recuperaci\u00f3n de Texas | Financiaci\u00f3n en EE.UU. para inversores latinoamericanos - Lendai\",\"isPartOf\":{\"@id\":\"https:\/\/lendaius.kinsta.cloud\/#website\"},\"datePublished\":\"2025-01-30T05:50:31+00:00\",\"dateModified\":\"2025-01-30T06:14:46+00:00\",\"description\":\"Este website est\u00e1 protegido por derechos de autor y pertenece a Lendai. Lendai hace que la financiaci\u00f3n en EE.UU. para inversores extranjeros sea sencilla, r\u00e1pida y eficaz.\",\"breadcrumb\":{\"@id\":\"https:\/\/dev.lendai.us\/es\/aviso-del-fondo-de-recuperacion-de-texas\/#breadcrumb\"},\"inLanguage\":\"es\",\"potentialAction\":[{\"@type\":\"ReadAction\",\"target\":[\"https:\/\/dev.lendai.us\/es\/aviso-del-fondo-de-recuperacion-de-texas\/\"]}]},{\"@type\":\"BreadcrumbList\",\"@id\":\"https:\/\/dev.lendai.us\/es\/aviso-del-fondo-de-recuperacion-de-texas\/#breadcrumb\",\"itemListElement\":[{\"@type\":\"ListItem\",\"position\":1,\"name\":\"Home\",\"item\":\"https:\/\/partnership.lendai.us\/es\/\"},{\"@type\":\"ListItem\",\"position\":2,\"name\":\"Aviso del Fondo de Recuperaci\u00f3n de Texas\"}]},{\"@type\":\"WebSite\",\"@id\":\"https:\/\/lendaius.kinsta.cloud\/#website\",\"url\":\"https:\/\/lendaius.kinsta.cloud\/\",\"name\":\"Lendai\",\"description\":\"US Mortgage for Global Investors\",\"publisher\":{\"@id\":\"https:\/\/lendaius.kinsta.cloud\/#organization\"},\"potentialAction\":[{\"@type\":\"SearchAction\",\"target\":{\"@type\":\"EntryPoint\",\"urlTemplate\":\"https:\/\/lendaius.kinsta.cloud\/?s={search_term_string}\"},\"query-input\":{\"@type\":\"PropertyValueSpecification\",\"valueRequired\":true,\"valueName\":\"search_term_string\"}}],\"inLanguage\":\"es\"},{\"@type\":\"Organization\",\"@id\":\"https:\/\/lendaius.kinsta.cloud\/#organization\",\"name\":\"Lendai\",\"url\":\"https:\/\/lendaius.kinsta.cloud\/\",\"logo\":{\"@type\":\"ImageObject\",\"inLanguage\":\"es\",\"@id\":\"https:\/\/lendaius.kinsta.cloud\/#\/schema\/logo\/image\/\",\"url\":\"https:\/\/lendai.us\/wp-content\/uploads\/2022\/07\/Lendai-Logo.svg\",\"contentUrl\":\"https:\/\/lendai.us\/wp-content\/uploads\/2022\/07\/Lendai-Logo.svg\",\"width\":113,\"height\":28,\"caption\":\"Lendai\"},\"image\":{\"@id\":\"https:\/\/lendaius.kinsta.cloud\/#\/schema\/logo\/image\/\"},\"sameAs\":[\"https:\/\/www.facebook.com\/Lendai.us\/\",\"https:\/\/x.com\/lendai_tech\"]}]}<\/script>\n<!-- \/ Yoast SEO plugin. -->","yoast_head_json":{"title":"Aviso del Fondo de Recuperaci\u00f3n de Texas | Financiaci\u00f3n en EE.UU. para inversores latinoamericanos - Lendai","description":"Este website est\u00e1 protegido por derechos de autor y pertenece a Lendai. Lendai hace que la financiaci\u00f3n en EE.UU. para inversores extranjeros sea sencilla, r\u00e1pida y eficaz.","robots":{"index":"index","follow":"follow","max-snippet":"max-snippet:-1","max-image-preview":"max-image-preview:large","max-video-preview":"max-video-preview:-1"},"canonical":"https:\/\/dev.lendai.us\/es\/aviso-del-fondo-de-recuperacion-de-texas\/","og_locale":"es_ES","og_type":"article","og_title":"Aviso del Fondo de Recuperaci\u00f3n de Texas | Financiaci\u00f3n en EE.UU. para inversores latinoamericanos - Lendai","og_description":"Este website est\u00e1 protegido por derechos de autor y pertenece a Lendai. Lendai hace que la financiaci\u00f3n en EE.UU. para inversores extranjeros sea sencilla, r\u00e1pida y eficaz.","og_url":"https:\/\/dev.lendai.us\/es\/aviso-del-fondo-de-recuperacion-de-texas\/","og_site_name":"Lendai","article_publisher":"https:\/\/www.facebook.com\/Lendai.us\/","article_modified_time":"2025-01-30T06:14:46+00:00","twitter_card":"summary_large_image","twitter_site":"@lendai_tech","twitter_misc":{"Tiempo de lectura":"1 minuto"},"schema":{"@context":"https:\/\/schema.org","@graph":[{"@type":"WebPage","@id":"https:\/\/dev.lendai.us\/es\/aviso-del-fondo-de-recuperacion-de-texas\/","url":"https:\/\/dev.lendai.us\/es\/aviso-del-fondo-de-recuperacion-de-texas\/","name":"Aviso del Fondo de Recuperaci\u00f3n de Texas | Financiaci\u00f3n en EE.UU. para inversores latinoamericanos - Lendai","isPartOf":{"@id":"https:\/\/lendaius.kinsta.cloud\/#website"},"datePublished":"2025-01-30T05:50:31+00:00","dateModified":"2025-01-30T06:14:46+00:00","description":"Este website est\u00e1 protegido por derechos de autor y pertenece a Lendai. Lendai hace que la financiaci\u00f3n en EE.UU. para inversores extranjeros sea sencilla, r\u00e1pida y eficaz.","breadcrumb":{"@id":"https:\/\/dev.lendai.us\/es\/aviso-del-fondo-de-recuperacion-de-texas\/#breadcrumb"},"inLanguage":"es","potentialAction":[{"@type":"ReadAction","target":["https:\/\/dev.lendai.us\/es\/aviso-del-fondo-de-recuperacion-de-texas\/"]}]},{"@type":"BreadcrumbList","@id":"https:\/\/dev.lendai.us\/es\/aviso-del-fondo-de-recuperacion-de-texas\/#breadcrumb","itemListElement":[{"@type":"ListItem","position":1,"name":"Home","item":"https:\/\/partnership.lendai.us\/es\/"},{"@type":"ListItem","position":2,"name":"Aviso del Fondo de Recuperaci\u00f3n de Texas"}]},{"@type":"WebSite","@id":"https:\/\/lendaius.kinsta.cloud\/#website","url":"https:\/\/lendaius.kinsta.cloud\/","name":"Lendai","description":"US Mortgage for Global Investors","publisher":{"@id":"https:\/\/lendaius.kinsta.cloud\/#organization"},"potentialAction":[{"@type":"SearchAction","target":{"@type":"EntryPoint","urlTemplate":"https:\/\/lendaius.kinsta.cloud\/?s={search_term_string}"},"query-input":{"@type":"PropertyValueSpecification","valueRequired":true,"valueName":"search_term_string"}}],"inLanguage":"es"},{"@type":"Organization","@id":"https:\/\/lendaius.kinsta.cloud\/#organization","name":"Lendai","url":"https:\/\/lendaius.kinsta.cloud\/","logo":{"@type":"ImageObject","inLanguage":"es","@id":"https:\/\/lendaius.kinsta.cloud\/#\/schema\/logo\/image\/","url":"https:\/\/lendai.us\/wp-content\/uploads\/2022\/07\/Lendai-Logo.svg","contentUrl":"https:\/\/lendai.us\/wp-content\/uploads\/2022\/07\/Lendai-Logo.svg","width":113,"height":28,"caption":"Lendai"},"image":{"@id":"https:\/\/lendaius.kinsta.cloud\/#\/schema\/logo\/image\/"},"sameAs":["https:\/\/www.facebook.com\/Lendai.us\/","https:\/\/x.com\/lendai_tech"]}]}},"_links":{"self":[{"href":"https:\/\/dev.lendai.us\/es\/wp-json\/wp\/v2\/pages\/30910","targetHints":{"allow":["GET"]}}],"collection":[{"href":"https:\/\/dev.lendai.us\/es\/wp-json\/wp\/v2\/pages"}],"about":[{"href":"https:\/\/dev.lendai.us\/es\/wp-json\/wp\/v2\/types\/page"}],"author":[{"embeddable":true,"href":"https:\/\/dev.lendai.us\/es\/wp-json\/wp\/v2\/users\/25"}],"replies":[{"embeddable":true,"href":"https:\/\/dev.lendai.us\/es\/wp-json\/wp\/v2\/comments?post=30910"}],"version-history":[{"count":1,"href":"https:\/\/dev.lendai.us\/es\/wp-json\/wp\/v2\/pages\/30910\/revisions"}],"predecessor-version":[{"id":30911,"href":"https:\/\/dev.lendai.us\/es\/wp-json\/wp\/v2\/pages\/30910\/revisions\/30911"}],"wp:attachment":[{"href":"https:\/\/dev.lendai.us\/es\/wp-json\/wp\/v2\/media?parent=30910"}],"curies":[{"name":"wp","href":"https:\/\/api.w.org\/{rel}","templated":true}]}}