{"id":24037,"date":"2023-08-07T11:01:45","date_gmt":"2023-08-07T11:01:45","guid":{"rendered":"https:\/\/lendai.us\/contactar-nos\/"},"modified":"2024-10-30T16:28:19","modified_gmt":"2024-10-30T16:28:19","slug":"contactar-nos","status":"publish","type":"page","link":"https:\/\/dev.lendai.us\/pt-pt\/contactar-nos\/","title":{"rendered":"Fale com a gente"},"content":{"rendered":"\t\t<div data-elementor-type=\"wp-page\" data-elementor-id=\"24037\" class=\"elementor elementor-24037 elementor-22529\" data-elementor-post-type=\"page\">\n\t\t\t\t\t\t<section class=\"elementor-section elementor-top-section elementor-element elementor-element-3eed757 elementor-section-height-min-height elementor-section-stretched elementor-section-boxed elementor-section-height-default elementor-section-items-middle\" data-id=\"3eed757\" data-element_type=\"section\" data-settings=\"{&quot;stretch_section&quot;:&quot;section-stretched&quot;,&quot;background_background&quot;:&quot;classic&quot;,&quot;shape_divider_bottom&quot;:&quot;curve&quot;,&quot;shape_divider_bottom_negative&quot;:&quot;yes&quot;}\">\n\t\t\t\t\t\t\t<div class=\"elementor-background-overlay\"><\/div>\n\t\t\t\t\t\t<div class=\"elementor-shape elementor-shape-bottom\" aria-hidden=\"true\" data-negative=\"true\">\n\t\t\t<svg xmlns=\"http:\/\/www.w3.org\/2000\/svg\" viewBox=\"0 0 1000 100\" preserveAspectRatio=\"none\">\n\t<path class=\"elementor-shape-fill\" d=\"M500,97C126.7,96.3,0.8,19.8,0,0v100l1000,0V1C1000,19.4,873.3,97.8,500,97z\"\/>\n<\/svg>\t\t<\/div>\n\t\t\t\t\t<div class=\"elementor-container elementor-column-gap-default\">\n\t\t\t\t\t<div class=\"elementor-column elementor-col-100 elementor-top-column elementor-element elementor-element-c0e6f9f\" data-id=\"c0e6f9f\" data-element_type=\"column\">\n\t\t\t<div class=\"elementor-widget-wrap elementor-element-populated\">\n\t\t\t\t\t\t<div class=\"elementor-element elementor-element-9263f4d elementor-widget elementor-widget-heading\" data-id=\"9263f4d\" data-element_type=\"widget\" data-widget_type=\"heading.default\">\n\t\t\t\t<div class=\"elementor-widget-container\">\n\t\t\t\t\t<h1 class=\"elementor-heading-title elementor-size-default\">Fale com a gente<\/h1>\t\t\t\t<\/div>\n\t\t\t\t<\/div>\n\t\t\t\t\t<\/div>\n\t\t<\/div>\n\t\t\t\t\t<\/div>\n\t\t<\/section>\n\t\t\t\t<section class=\"elementor-section elementor-top-section elementor-element elementor-element-7486ebe elementor-section-height-min-height elementor-section-items-stretch elementor-section-boxed elementor-section-height-default\" data-id=\"7486ebe\" data-element_type=\"section\">\n\t\t\t\t\t\t<div class=\"elementor-container elementor-column-gap-default\">\n\t\t\t\t\t<div class=\"elementor-column elementor-col-50 elementor-top-column elementor-element elementor-element-76bd6e2\" data-id=\"76bd6e2\" data-element_type=\"column\" data-settings=\"{&quot;background_background&quot;:&quot;classic&quot;}\">\n\t\t\t<div class=\"elementor-widget-wrap\">\n\t\t\t\t\t\t\t<\/div>\n\t\t<\/div>\n\t\t\t\t<div class=\"elementor-column elementor-col-50 elementor-top-column elementor-element elementor-element-765d32e\" data-id=\"765d32e\" data-element_type=\"column\">\n\t\t\t<div class=\"elementor-widget-wrap elementor-element-populated\">\n\t\t\t\t\t\t<section class=\"elementor-section elementor-inner-section elementor-element elementor-element-7e79a44 elementor-section-boxed elementor-section-height-default elementor-section-height-default\" data-id=\"7e79a44\" data-element_type=\"section\">\n\t\t\t\t\t\t<div class=\"elementor-container elementor-column-gap-default\">\n\t\t\t\t\t<div class=\"elementor-column elementor-col-100 elementor-inner-column elementor-element elementor-element-925e4e9\" data-id=\"925e4e9\" data-element_type=\"column\">\n\t\t\t<div class=\"elementor-widget-wrap elementor-element-populated\">\n\t\t\t\t\t\t<div class=\"elementor-element elementor-element-fc2ad02 elementor-align-justify elementor-widget__width-initial elementor-widget elementor-widget-button\" data-id=\"fc2ad02\" data-element_type=\"widget\" id=\"partnerFormButton\" data-widget_type=\"button.default\">\n\t\t\t\t<div class=\"elementor-widget-container\">\n\t\t\t\t\t\t\t\t\t<div class=\"elementor-button-wrapper\">\n\t\t\t\t\t<a class=\"elementor-button elementor-size-sm\" role=\"button\">\n\t\t\t\t\t\t<span class=\"elementor-button-content-wrapper\">\n\t\t\t\t\t\t\t\t\t<span class=\"elementor-button-text\"><span class=\"hide-on-mobile\">Interessado numa<\/span> parceria<\/span>\n\t\t\t\t\t<\/span>\n\t\t\t\t\t<\/a>\n\t\t\t\t<\/div>\n\t\t\t\t\t\t\t\t<\/div>\n\t\t\t\t<\/div>\n\t\t\t\t<div class=\"elementor-element elementor-element-85c2bbd elementor-align-justify elementor-widget__width-initial elementor-widget elementor-widget-button\" data-id=\"85c2bbd\" data-element_type=\"widget\" id=\"loanFormButton\" data-widget_type=\"button.default\">\n\t\t\t\t<div class=\"elementor-widget-container\">\n\t\t\t\t\t\t\t\t\t<div class=\"elementor-button-wrapper\">\n\t\t\t\t\t<a class=\"elementor-button elementor-size-sm\" role=\"button\">\n\t\t\t\t\t\t<span class=\"elementor-button-content-wrapper\">\n\t\t\t\t\t\t\t\t\t<span class=\"elementor-button-text\"><span class=\"hide-on-mobile\">Interessado num <\/span>empr\u00e9stimo<\/span>\n\t\t\t\t\t<\/span>\n\t\t\t\t\t<\/a>\n\t\t\t\t<\/div>\n\t\t\t\t\t\t\t\t<\/div>\n\t\t\t\t<\/div>\n\t\t\t\t\t<\/div>\n\t\t<\/div>\n\t\t\t\t\t<\/div>\n\t\t<\/section>\n\t\t\t\t<div class=\"elementor-element elementor-element-8771105 contactForm partnerForm elementor-widget elementor-widget-html\" data-id=\"8771105\" data-element_type=\"widget\" data-widget_type=\"html.default\">\n\t\t\t\t<div class=\"elementor-widget-container\">\n\t\t\t\t\t<div id=\"zf_div_BboyNn2yEBjZfPqG5ifz5IPe05ShvBDARJUJ2vE24ms\"><\/div><script type=\"text\/javascript\">(function() {\r\ntry{\r\nvar f = document.createElement(\"iframe\");\r\nf.src = 'https:\/\/forms.zohopublic.com\/lendai\/form\/LendaiWebsitePartnerB2BFormPT1\/formperma\/BboyNn2yEBjZfPqG5ifz5IPe05ShvBDARJUJ2vE24ms?zf_rszfm=1';\r\nf.style.border=\"none\";\r\nf.style.height=\"577px\";\r\nf.style.width=\"99%\";\r\nf.style.transition=\"all 0.5s ease\";\r\nf.setAttribute(\"aria-label\", 'Lendai\\x20Website\\x20Partner\\x20B2B\\x20Form\\x2DPT');\r\n\r\nvar d = document.getElementById(\"zf_div_BboyNn2yEBjZfPqG5ifz5IPe05ShvBDARJUJ2vE24ms\");\r\nd.appendChild(f);\r\nwindow.addEventListener('message', function (){\r\nvar evntData = event.data;\r\nif( evntData && evntData.constructor == String ){\r\nvar zf_ifrm_data = evntData.split(\"|\");\r\nif ( zf_ifrm_data.length == 2 || zf_ifrm_data.length == 3 ) {\r\nvar zf_perma = zf_ifrm_data[0];\r\nvar zf_ifrm_ht_nw = ( parseInt(zf_ifrm_data[1], 10) + 15 ) + \"px\";\r\nvar iframe = document.getElementById(\"zf_div_BboyNn2yEBjZfPqG5ifz5IPe05ShvBDARJUJ2vE24ms\").getElementsByTagName(\"iframe\")[0];\r\nif ( (iframe.src).indexOf('formperma') > 0 && (iframe.src).indexOf(zf_perma) > 0 ) {\r\nvar prevIframeHeight = iframe.style.height;\r\nvar zf_tout = false;\r\nif( zf_ifrm_data.length == 3 ) {\r\niframe.scrollIntoView();\r\nzf_tout = true;\r\n}\r\nif ( prevIframeHeight != zf_ifrm_ht_nw ) {\r\nif( zf_tout ) {\r\nsetTimeout(function(){\r\niframe.style.height = zf_ifrm_ht_nw;\r\n},500);\r\n} else {\r\niframe.style.height = zf_ifrm_ht_nw;\r\n}\r\n}\r\n}\r\n}\r\n}\r\n}, false);\r\n}catch(e){}\r\n})();<\/script>\t\t\t\t<\/div>\n\t\t\t\t<\/div>\n\t\t\t\t<div class=\"elementor-element elementor-element-313e631 contactForm loanForm elementor-widget elementor-widget-html\" data-id=\"313e631\" data-element_type=\"widget\" data-widget_type=\"html.default\">\n\t\t\t\t<div class=\"elementor-widget-container\">\n\t\t\t\t\t<iframe aria-label='Website B2C Lead Scoring Form-PT' frameborder=\"0\" style=\"height:950px;width:99%;border:none;\" src='https:\/\/forms.zohopublic.com\/lendai\/form\/WebsiteB2CLeadScoringFormPT\/formperma\/B4rK_Wv7s072rL5YsTttLHNsXBwRQU-Li9wu6OMD2xo'><\/iframe>\t\t\t\t<\/div>\n\t\t\t\t<\/div>\n\t\t\t\t<div class=\"elementor-element elementor-element-9074ec2 elementor-widget elementor-widget-html\" data-id=\"9074ec2\" data-element_type=\"widget\" data-widget_type=\"html.default\">\n\t\t\t\t<div class=\"elementor-widget-container\">\n\t\t\t\t\t\n<script>jQuery(document).ready(function ($) {\n    $('#loanFormButton').addClass('toggle-button-disable');\n    $('.loanForm').addClass('hide');\n\n    $('#partnerFormButton').click(function () {\n        $('#partnerFormButton').removeClass('toggle-button-disable');\n        $('#loanFormButton').addClass('toggle-button-disable');\n        \/* Display\/Hide form *\/\n        $('.loanForm').addClass('hide');\n        $('.partnerForm').removeClass('hide');\n    });\n\n    $('#loanFormButton').click(function () {\n        $('#loanFormButton').removeClass('toggle-button-disable');\n        $('#partnerFormButton').addClass('toggle-button-disable');\n        \/* Display\/Hide form *\/\n        $('.partnerForm').addClass('hide');\n        $('.loanForm').removeClass('hide');\n    });\n});\n<\/script>\t\t\t\t<\/div>\n\t\t\t\t<\/div>\n\t\t\t\t\t<\/div>\n\t\t<\/div>\n\t\t\t\t\t<\/div>\n\t\t<\/section>\n\t\t\t\t<\/div>\n\t\t","protected":false},"excerpt":{"rendered":"<p>Fale com a gente Interessado numa parceria Interessado num empr\u00e9stimo<\/p>\n","protected":false},"author":25,"featured_media":17572,"parent":0,"menu_order":0,"comment_status":"closed","ping_status":"closed","template":"elementor_header_footer","meta":{"footnotes":"","_links_to":"","_links_to_target":""},"class_list":["post-24037","page","type-page","status-publish","has-post-thumbnail","hentry"],"yoast_head":"<!-- This site is optimized with the Yoast SEO plugin v25.3.1 - https:\/\/yoast.com\/wordpress\/plugins\/seo\/ -->\n<title>Fale com a gente | Financiamento de im\u00f3veis para estrangeiros - Fale com a gente<\/title>\n<meta name=\"description\" content=\"Entre em contato com a Lendai para conhecer as nossas op\u00e7\u00f5es de financiamento para estrangeiros que pretendem investir em im\u00f3veis nos EUA. Entre em contato hoje mesmo para saber mais. Contacte-nos hoje para saber mais.\" \/>\n<meta name=\"robots\" content=\"index, follow, max-snippet:-1, max-image-preview:large, max-video-preview:-1\" \/>\n<link rel=\"canonical\" href=\"https:\/\/dev.lendai.us\/pt-pt\/contactar-nos\/\" \/>\n<meta property=\"og:locale\" content=\"pt_PT\" \/>\n<meta property=\"og:type\" content=\"article\" \/>\n<meta property=\"og:title\" content=\"Fale com a gente | Financiamento de im\u00f3veis para estrangeiros - Fale com a gente\" \/>\n<meta property=\"og:description\" content=\"Entre em contato com a Lendai para conhecer as nossas op\u00e7\u00f5es de financiamento para estrangeiros que pretendem investir em im\u00f3veis nos EUA. Entre em contato hoje mesmo para saber mais. Contacte-nos hoje para saber mais.\" \/>\n<meta property=\"og:url\" content=\"https:\/\/dev.lendai.us\/pt-pt\/contactar-nos\/\" \/>\n<meta property=\"og:site_name\" content=\"Lendai\" \/>\n<meta property=\"article:publisher\" content=\"https:\/\/www.facebook.com\/Lendai.us\/\" \/>\n<meta property=\"article:modified_time\" content=\"2024-10-30T16:28:19+00:00\" \/>\n<meta property=\"og:image\" content=\"https:\/\/dev.lendai.us\/wp-content\/uploads\/2021\/01\/lendai-logo-1220.webp\" \/>\n\t<meta property=\"og:image:width\" content=\"1000\" \/>\n\t<meta property=\"og:image:height\" content=\"1000\" \/>\n\t<meta property=\"og:image:type\" content=\"image\/png\" \/>\n<meta name=\"twitter:card\" content=\"summary_large_image\" \/>\n<meta name=\"twitter:site\" content=\"@lendai_tech\" \/>\n<script type=\"application\/ld+json\" class=\"yoast-schema-graph\">{\"@context\":\"https:\/\/schema.org\",\"@graph\":[{\"@type\":\"WebPage\",\"@id\":\"https:\/\/dev.lendai.us\/pt-pt\/contactar-nos\/\",\"url\":\"https:\/\/dev.lendai.us\/pt-pt\/contactar-nos\/\",\"name\":\"Fale com a gente | Financiamento de im\u00f3veis para estrangeiros - Fale com a gente\",\"isPartOf\":{\"@id\":\"https:\/\/lendaius.kinsta.cloud\/#website\"},\"primaryImageOfPage\":{\"@id\":\"https:\/\/dev.lendai.us\/pt-pt\/contactar-nos\/#primaryimage\"},\"image\":{\"@id\":\"https:\/\/dev.lendai.us\/pt-pt\/contactar-nos\/#primaryimage\"},\"thumbnailUrl\":\"https:\/\/dev.lendai.us\/wp-content\/uploads\/2021\/01\/lendai-logo-1220.webp\",\"datePublished\":\"2023-08-07T11:01:45+00:00\",\"dateModified\":\"2024-10-30T16:28:19+00:00\",\"description\":\"Entre em contato com a Lendai para conhecer as nossas op\u00e7\u00f5es de financiamento para estrangeiros que pretendem investir em im\u00f3veis nos EUA. Entre em contato hoje mesmo para saber mais. Contacte-nos hoje para saber mais.\",\"breadcrumb\":{\"@id\":\"https:\/\/dev.lendai.us\/pt-pt\/contactar-nos\/#breadcrumb\"},\"inLanguage\":\"pt-PT\",\"potentialAction\":[{\"@type\":\"ReadAction\",\"target\":[\"https:\/\/dev.lendai.us\/pt-pt\/contactar-nos\/\"]}]},{\"@type\":\"ImageObject\",\"inLanguage\":\"pt-PT\",\"@id\":\"https:\/\/dev.lendai.us\/pt-pt\/contactar-nos\/#primaryimage\",\"url\":\"https:\/\/dev.lendai.us\/wp-content\/uploads\/2021\/01\/lendai-logo-1220.webp\",\"contentUrl\":\"https:\/\/dev.lendai.us\/wp-content\/uploads\/2021\/01\/lendai-logo-1220.webp\",\"width\":1000,\"height\":1000,\"caption\":\"Lendai logo icon -Lendai-US financing for foreign nationals -home page link\"},{\"@type\":\"BreadcrumbList\",\"@id\":\"https:\/\/dev.lendai.us\/pt-pt\/contactar-nos\/#breadcrumb\",\"itemListElement\":[{\"@type\":\"ListItem\",\"position\":1,\"name\":\"Home\",\"item\":\"https:\/\/lendaius.kinsta.cloud\/pt-pt\/\"},{\"@type\":\"ListItem\",\"position\":2,\"name\":\"Fale com a gente\"}]},{\"@type\":\"WebSite\",\"@id\":\"https:\/\/lendaius.kinsta.cloud\/#website\",\"url\":\"https:\/\/lendaius.kinsta.cloud\/\",\"name\":\"Lendai\",\"description\":\"US Mortgage for Global Investors\",\"publisher\":{\"@id\":\"https:\/\/lendaius.kinsta.cloud\/#organization\"},\"potentialAction\":[{\"@type\":\"SearchAction\",\"target\":{\"@type\":\"EntryPoint\",\"urlTemplate\":\"https:\/\/lendaius.kinsta.cloud\/?s={search_term_string}\"},\"query-input\":{\"@type\":\"PropertyValueSpecification\",\"valueRequired\":true,\"valueName\":\"search_term_string\"}}],\"inLanguage\":\"pt-PT\"},{\"@type\":\"Organization\",\"@id\":\"https:\/\/lendaius.kinsta.cloud\/#organization\",\"name\":\"Lendai\",\"url\":\"https:\/\/lendaius.kinsta.cloud\/\",\"logo\":{\"@type\":\"ImageObject\",\"inLanguage\":\"pt-PT\",\"@id\":\"https:\/\/lendaius.kinsta.cloud\/#\/schema\/logo\/image\/\",\"url\":\"https:\/\/lendai.us\/wp-content\/uploads\/2022\/07\/Lendai-Logo.svg\",\"contentUrl\":\"https:\/\/lendai.us\/wp-content\/uploads\/2022\/07\/Lendai-Logo.svg\",\"width\":113,\"height\":28,\"caption\":\"Lendai\"},\"image\":{\"@id\":\"https:\/\/lendaius.kinsta.cloud\/#\/schema\/logo\/image\/\"},\"sameAs\":[\"https:\/\/www.facebook.com\/Lendai.us\/\",\"https:\/\/x.com\/lendai_tech\"]}]}<\/script>\n<!-- \/ Yoast SEO plugin. -->","yoast_head_json":{"title":"Fale com a gente | Financiamento de im\u00f3veis para estrangeiros - Fale com a gente","description":"Entre em contato com a Lendai para conhecer as nossas op\u00e7\u00f5es de financiamento para estrangeiros que pretendem investir em im\u00f3veis nos EUA. Entre em contato hoje mesmo para saber mais. Contacte-nos hoje para saber mais.","robots":{"index":"index","follow":"follow","max-snippet":"max-snippet:-1","max-image-preview":"max-image-preview:large","max-video-preview":"max-video-preview:-1"},"canonical":"https:\/\/dev.lendai.us\/pt-pt\/contactar-nos\/","og_locale":"pt_PT","og_type":"article","og_title":"Fale com a gente | Financiamento de im\u00f3veis para estrangeiros - Fale com a gente","og_description":"Entre em contato com a Lendai para conhecer as nossas op\u00e7\u00f5es de financiamento para estrangeiros que pretendem investir em im\u00f3veis nos EUA. Entre em contato hoje mesmo para saber mais. Contacte-nos hoje para saber mais.","og_url":"https:\/\/dev.lendai.us\/pt-pt\/contactar-nos\/","og_site_name":"Lendai","article_publisher":"https:\/\/www.facebook.com\/Lendai.us\/","article_modified_time":"2024-10-30T16:28:19+00:00","og_image":[{"width":1000,"height":1000,"url":"https:\/\/dev.lendai.us\/wp-content\/uploads\/2021\/01\/lendai-logo-1220.webp","type":"image\/png"}],"twitter_card":"summary_large_image","twitter_site":"@lendai_tech","schema":{"@context":"https:\/\/schema.org","@graph":[{"@type":"WebPage","@id":"https:\/\/dev.lendai.us\/pt-pt\/contactar-nos\/","url":"https:\/\/dev.lendai.us\/pt-pt\/contactar-nos\/","name":"Fale com a gente | Financiamento de im\u00f3veis para estrangeiros - Fale com a gente","isPartOf":{"@id":"https:\/\/lendaius.kinsta.cloud\/#website"},"primaryImageOfPage":{"@id":"https:\/\/dev.lendai.us\/pt-pt\/contactar-nos\/#primaryimage"},"image":{"@id":"https:\/\/dev.lendai.us\/pt-pt\/contactar-nos\/#primaryimage"},"thumbnailUrl":"https:\/\/dev.lendai.us\/wp-content\/uploads\/2021\/01\/lendai-logo-1220.webp","datePublished":"2023-08-07T11:01:45+00:00","dateModified":"2024-10-30T16:28:19+00:00","description":"Entre em contato com a Lendai para conhecer as nossas op\u00e7\u00f5es de financiamento para estrangeiros que pretendem investir em im\u00f3veis nos EUA. Entre em contato hoje mesmo para saber mais. Contacte-nos hoje para saber mais.","breadcrumb":{"@id":"https:\/\/dev.lendai.us\/pt-pt\/contactar-nos\/#breadcrumb"},"inLanguage":"pt-PT","potentialAction":[{"@type":"ReadAction","target":["https:\/\/dev.lendai.us\/pt-pt\/contactar-nos\/"]}]},{"@type":"ImageObject","inLanguage":"pt-PT","@id":"https:\/\/dev.lendai.us\/pt-pt\/contactar-nos\/#primaryimage","url":"https:\/\/dev.lendai.us\/wp-content\/uploads\/2021\/01\/lendai-logo-1220.webp","contentUrl":"https:\/\/dev.lendai.us\/wp-content\/uploads\/2021\/01\/lendai-logo-1220.webp","width":1000,"height":1000,"caption":"Lendai logo icon -Lendai-US financing for foreign nationals -home page link"},{"@type":"BreadcrumbList","@id":"https:\/\/dev.lendai.us\/pt-pt\/contactar-nos\/#breadcrumb","itemListElement":[{"@type":"ListItem","position":1,"name":"Home","item":"https:\/\/lendaius.kinsta.cloud\/pt-pt\/"},{"@type":"ListItem","position":2,"name":"Fale com a gente"}]},{"@type":"WebSite","@id":"https:\/\/lendaius.kinsta.cloud\/#website","url":"https:\/\/lendaius.kinsta.cloud\/","name":"Lendai","description":"US Mortgage for Global Investors","publisher":{"@id":"https:\/\/lendaius.kinsta.cloud\/#organization"},"potentialAction":[{"@type":"SearchAction","target":{"@type":"EntryPoint","urlTemplate":"https:\/\/lendaius.kinsta.cloud\/?s={search_term_string}"},"query-input":{"@type":"PropertyValueSpecification","valueRequired":true,"valueName":"search_term_string"}}],"inLanguage":"pt-PT"},{"@type":"Organization","@id":"https:\/\/lendaius.kinsta.cloud\/#organization","name":"Lendai","url":"https:\/\/lendaius.kinsta.cloud\/","logo":{"@type":"ImageObject","inLanguage":"pt-PT","@id":"https:\/\/lendaius.kinsta.cloud\/#\/schema\/logo\/image\/","url":"https:\/\/lendai.us\/wp-content\/uploads\/2022\/07\/Lendai-Logo.svg","contentUrl":"https:\/\/lendai.us\/wp-content\/uploads\/2022\/07\/Lendai-Logo.svg","width":113,"height":28,"caption":"Lendai"},"image":{"@id":"https:\/\/lendaius.kinsta.cloud\/#\/schema\/logo\/image\/"},"sameAs":["https:\/\/www.facebook.com\/Lendai.us\/","https:\/\/x.com\/lendai_tech"]}]}},"_links":{"self":[{"href":"https:\/\/dev.lendai.us\/pt-pt\/wp-json\/wp\/v2\/pages\/24037","targetHints":{"allow":["GET"]}}],"collection":[{"href":"https:\/\/dev.lendai.us\/pt-pt\/wp-json\/wp\/v2\/pages"}],"about":[{"href":"https:\/\/dev.lendai.us\/pt-pt\/wp-json\/wp\/v2\/types\/page"}],"author":[{"embeddable":true,"href":"https:\/\/dev.lendai.us\/pt-pt\/wp-json\/wp\/v2\/users\/25"}],"replies":[{"embeddable":true,"href":"https:\/\/dev.lendai.us\/pt-pt\/wp-json\/wp\/v2\/comments?post=24037"}],"version-history":[{"count":0,"href":"https:\/\/dev.lendai.us\/pt-pt\/wp-json\/wp\/v2\/pages\/24037\/revisions"}],"wp:featuredmedia":[{"embeddable":true,"href":"https:\/\/dev.lendai.us\/pt-pt\/wp-json\/wp\/v2\/media\/17572"}],"wp:attachment":[{"href":"https:\/\/dev.lendai.us\/pt-pt\/wp-json\/wp\/v2\/media?parent=24037"}],"curies":[{"name":"wp","href":"https:\/\/api.w.org\/{rel}","templated":true}]}}