{"id":24088,"date":"2020-11-26T07:47:07","date_gmt":"2020-11-26T07:47:07","guid":{"rendered":"https:\/\/lendai.us\/politica-de-privacidade\/"},"modified":"2025-01-06T05:36:30","modified_gmt":"2025-01-06T05:36:30","slug":"politica-de-privacidade","status":"publish","type":"page","link":"https:\/\/dev.lendai.us\/pt-pt\/politica-de-privacidade\/","title":{"rendered":"Pol\u00edtica de privacidade"},"content":{"rendered":"\t\t<div data-elementor-type=\"wp-page\" data-elementor-id=\"24088\" class=\"elementor elementor-24088 elementor-382\" data-elementor-post-type=\"page\">\n\t\t\t\t\t\t<section class=\"elementor-section elementor-top-section elementor-element elementor-element-b5306ab elementor-section-boxed elementor-section-height-default elementor-section-height-default\" data-id=\"b5306ab\" data-element_type=\"section\">\n\t\t\t\t\t\t<div class=\"elementor-container elementor-column-gap-default\">\n\t\t\t\t\t<div class=\"elementor-column elementor-col-100 elementor-top-column elementor-element elementor-element-9dc97d2\" data-id=\"9dc97d2\" data-element_type=\"column\">\n\t\t\t<div class=\"elementor-widget-wrap elementor-element-populated\">\n\t\t\t\t\t\t<div class=\"elementor-element elementor-element-e549579 elementor-widget elementor-widget-heading\" data-id=\"e549579\" data-element_type=\"widget\" data-widget_type=\"heading.default\">\n\t\t\t\t<div class=\"elementor-widget-container\">\n\t\t\t\t\t<h1 class=\"elementor-heading-title elementor-size-default\">Pol\u00edtica de privacidade<\/h1>\t\t\t\t<\/div>\n\t\t\t\t<\/div>\n\t\t\t\t<div class=\"elementor-element elementor-element-19a06ec elementor-widget elementor-widget-text-editor\" data-id=\"19a06ec\" data-element_type=\"widget\" data-widget_type=\"text-editor.default\">\n\t\t\t\t<div class=\"elementor-widget-container\">\n\t\t\t\t\t\t\t\t\t<h3>Pol\u00edtica de privacidade da Lendai<\/h3><p>Na Lendai US Inc, acess\u00edvel em www.lendai.us, uma das nossas principais prioridades \u00e9 a privacidade dos nossos visitantes. Este documento de Pol\u00edtica de Privacidade cont\u00e9m tipos de informa\u00e7\u00e3o que s\u00e3o recolhidos e registados pela Lendai US Inc, e como os utilizamos.<\/p><p>Se tiver outras quest\u00f5es ou necessitar de mais informa\u00e7\u00f5es sobre a nossa Pol\u00edtica de Privacidade, n\u00e3o hesite em contactar-nos atrav\u00e9s do e-mail support@lendai.us<\/p><h2>Regulamento Geral sobre a Prote\u00e7\u00e3o de Dados (RGPD)<\/h2><p>Somos um Controlador de Dados das suas informa\u00e7\u00f5es.<\/p><p>A base legal da Lendai US Inc para recolher e utilizar as informa\u00e7\u00f5es pessoais descritas nesta Pol\u00edtica de Privacidade depende das Informa\u00e7\u00f5es Pessoais que recolhemos e do contexto espec\u00edfico em que recolhemos as informa\u00e7\u00f5es:<\/p><ul><li>Lendai US Inc, precisa executar um contrato com o utilizador<\/li><li>Deu autoriza\u00e7\u00e3o \u00e0 Lendai US Inc, para o fazer<\/li><li>O tratamento das suas informa\u00e7\u00f5es pessoais \u00e9 do interesse leg\u00edtimo da Lendai US Inc<\/li><li>Lendai US Inc, precisa cumprir a lei<\/li><\/ul><p>A Lendai US Inc, reter\u00e1 as suas informa\u00e7\u00f5es pessoais apenas durante o tempo necess\u00e1rio para os fins definidos na presente Pol\u00edtica de Privacidade. Iremos reter e utilizar as suas informa\u00e7\u00f5es na medida do necess\u00e1rio para cumprir as nossas obriga\u00e7\u00f5es legais, resolver lit\u00edgios e aplicar as nossas pol\u00edticas. A nossa Pol\u00edtica de Privacidade foi criada com a ajuda do Gerador de Pol\u00edtica de Privacidade do RGPD e do Modelo de Pol\u00edtica de Privacidade do RGPD.<\/p><p>Se for residente no Espa\u00e7o Econ\u00f3mico Europeu (EEE), tem determinados direitos de prote\u00e7\u00e3o de dados. Se pretender ser informado sobre as informa\u00e7\u00f5es pessoais que mantemos sobre si e se pretender que estas sejam removidas dos nossos sistemas, contate-nos.<\/p><p>Em determinadas circunst\u00e2ncias, o utilizador tem os seguintes direitos de prote\u00e7\u00e3o de dados:<\/p><ul><li>O direito de acessar, atualizar ou apagar as informa\u00e7\u00f5es que temos sobre si.<\/li><li>O direito de retifica\u00e7\u00e3o.<\/li><li>O direito de oposi\u00e7\u00e3o.<\/li><li>O direito de restri\u00e7\u00e3o<\/li><li>O direito \u00e0 portabilidade dos dados<\/li><li>O direito de retirar o consentimento<\/li><\/ul><h2>Ficheiros de registo<\/h2><p>Lendai US Inc, segue um procedimento padr\u00e3o de utiliza\u00e7\u00e3o de ficheiros de registo. Estes ficheiros registam os visitantes quando estes visitam os sites. Todas as empresas de alojamento fazem-no e fazem parte da an\u00e1lise dos servi\u00e7os de alojamento. As informa\u00e7\u00f5es recolhidas pelos ficheiros de registo incluem endere\u00e7os de protocolo de Internet (IP), tipo de browser, fornecedor de servi\u00e7os de Internet (ISP), carimbo de data e hora, p\u00e1ginas de refer\u00eancia\/sa\u00edda e, possivelmente, o n\u00famero de cliques. Estes n\u00e3o est\u00e3o ligados a qualquer informa\u00e7\u00e3o que seja pessoalmente identific\u00e1vel. O objetivo das informa\u00e7\u00f5es \u00e9 analisar tend\u00eancias, administrar o site, acompanhar o movimento dos utilizadores no site e recolher informa\u00e7\u00f5es demogr\u00e1ficas.<\/p><h2>Cookies e Web Beacons<\/h2><p>Como qualquer outro site, a Lendai US Inc utiliza &#8220;cookies&#8221;. Estes cookies s\u00e3o utilizados para armazenar informa\u00e7\u00f5es, incluindo as prefer\u00eancias dos visitantes e as p\u00e1ginas do site a que o visitante acessou ou visitou. As informa\u00e7\u00f5es s\u00e3o utilizadas para otimizar a experi\u00eancia dos utilizadores, personalizando o conte\u00fado das nossas p\u00e1ginas Web com base no tipo de browser dos visitantes e\/ou outras informa\u00e7\u00f5es.<\/p><h2>Cookie DART do Google DoubleClick<\/h2><p>O Google \u00e9 um dos fornecedores terceiros do nosso s\u00edtio. Tamb\u00e9m utiliza cookies, conhecidos como cookies DART, para apresentar an\u00fancios aos visitantes do nosso site com base na sua visita a www.lendai.us e a outros sites na Internet. No entanto, os visitantes podem optar por recusar a utiliza\u00e7\u00e3o de cookies DART visitando a Pol\u00edtica de Privacidade da rede de an\u00fancios e conte\u00fados da Google no seguinte URL:<a href=\"https:\/\/policies.google.com\/technologies\/ads\" target=\"_blank\" rel=\"noopener\">policies.google.com\/technologies\/ads<\/a><\/p><h2>Os nossos parceiros publicit\u00e1rios<\/h2><p>Alguns dos anunciantes do nosso site podem utilizar cookies e web beacons. Os nossos parceiros publicit\u00e1rios est\u00e3o listados abaixo. Cada um dos nossos parceiros publicit\u00e1rios tem a sua pr\u00f3pria Pol\u00edtica de Privacidade para as suas pol\u00edticas relativas aos dados dos utilizadores. Para facilitar o acesso, colocamos abaixo as hiperliga\u00e7\u00f5es para as respectivas pol\u00edticas de privacidade.<\/p><p>Google- <a href=\"https:\/\/policies.google.com\/technologies\/ads\" target=\"_blank\" rel=\"noopener\">policies.google.com\/technologies\/ads<\/a><\/p><h2>Pol\u00edticas de privacidade<\/h2><p>Pode consultar esta lista para encontrar a Pol\u00edtica de Privacidade de cada um dos parceiros publicit\u00e1rios da Lendai US Inc.<\/p><p>Os servidores ou redes de an\u00fancios de terceiros utilizam tecnologias como cookies, JavaScript ou Web Beacons que s\u00e3o utilizados nos respectivos an\u00fancios e links que aparecem no Lendai US Inc, que s\u00e3o enviados diretamente para o browser dos utilizadores. Quando isso acontece, recebem automaticamente o seu endere\u00e7o IP. Estas tecnologias s\u00e3o utilizadas para medir a efic\u00e1cia das suas campanhas publicit\u00e1rias e\/ou para personalizar o conte\u00fado publicit\u00e1rio que o utilizador v\u00ea nos s\u00edtios Web que visita.<\/p><p>Note-se que a Lendai US Inc n\u00e3o tem acesso ou controlo sobre estes cookies que s\u00e3o utilizados por anunciantes terceiros.<\/p><h3>Pol\u00edticas de privacidade de terceiros<\/h3><p>A Pol\u00edtica de Privacidade da Lendai US Inc n\u00e3o se aplica a outros anunciantes ou websites. Assim, aconselhamos o utilizador a consultar as respectivas Pol\u00edticas de Privacidade destes servidores de an\u00fancios de terceiros para obter informa\u00e7\u00f5es mais detalhadas. Pode incluir as suas pr\u00e1ticas e instru\u00e7\u00f5es sobre como recusar determinadas op\u00e7\u00f5es. Pode encontrar uma lista completa destas Pol\u00edticas de Privacidade e respectivas liga\u00e7\u00f5es aqui: Liga\u00e7\u00f5es da pol\u00edtica de privacidade.<\/p><p>O utilizador pode optar por desativar os cookies atrav\u00e9s das op\u00e7\u00f5es individuais do seu browser. Para obter informa\u00e7\u00f5es mais pormenorizadas sobre a gest\u00e3o de cookies com navegadores Web espec\u00edficos, pode consult\u00e1-las nos respectivos s\u00edtios Web dos navegadores. O que s\u00e3o cookies?<\/p><h3>Informa\u00e7\u00e3o para crian\u00e7as<\/h3><p>Outra parte da nossa prioridade \u00e9 acrescentar prote\u00e7\u00e3o para as crian\u00e7as quando utilizam a Internet. Incentivamos os pais e os encarregados de educa\u00e7\u00e3o a observar, participar e\/ou monitorizar e orientar a sua atividade em linha.<\/p><p>A Lendai US Inc, n\u00e3o recolhe intencionalmente quaisquer informa\u00e7\u00f5es pessoais identific\u00e1veis de crian\u00e7as com idade inferior a 13 anos. Se pensa que o seu filho forneceu este tipo de informa\u00e7\u00f5es no nosso s\u00edtio Web, aconselhamo-lo vivamente a contactar-nos imediatamente e faremos todos os esfor\u00e7os para remover prontamente essas informa\u00e7\u00f5es dos nossos registos.<\/p><h3>Apenas a pol\u00edtica de privacidade em linha<\/h3><p>A nossa Pol\u00edtica de Privacidade aplica-se apenas \u00e0s nossas actividades online e \u00e9 v\u00e1lida para os visitantes do nosso website no que diz respeito \u00e0 informa\u00e7\u00e3o que partilharam e\/ou recolheram na Lendai US Inc,. Esta pol\u00edtica n\u00e3o \u00e9 aplic\u00e1vel a qualquer informa\u00e7\u00e3o recolhida offline ou atrav\u00e9s de outros canais que n\u00e3o este s\u00edtio Web.<\/p><p>\u00a0<\/p><h2>Consentimento<\/h2><p>Ao utilizar o nosso s\u00edtio Web, o utilizador consente com a nossa Pol\u00edtica de Privacidade e aceita os seus termos.<\/p>\t\t\t\t\t\t\t\t<\/div>\n\t\t\t\t<\/div>\n\t\t\t\t\t<\/div>\n\t\t<\/div>\n\t\t\t\t\t<\/div>\n\t\t<\/section>\n\t\t\t\t<\/div>\n\t\t","protected":false},"excerpt":{"rendered":"<p>Pol\u00edtica de privacidade da Lendai Na Lendai US Inc, acess\u00edvel em www.lendai.us, uma das nossas principais prioridades \u00e9 a privacidade dos nossos visitantes. Este documento de Pol\u00edtica de Privacidade cont\u00e9m tipos de informa\u00e7\u00e3o que s\u00e3o recolhidos e registados pela Lendai US Inc, e como os utilizamos. Se tiver outras quest\u00f5es ou necessitar de mais informa\u00e7\u00f5es [&hellip;]<\/p>\n","protected":false},"author":25,"featured_media":0,"parent":0,"menu_order":67,"comment_status":"closed","ping_status":"closed","template":"elementor_header_footer","meta":{"footnotes":"","_links_to":"","_links_to_target":""},"class_list":["post-24088","page","type-page","status-publish","hentry"],"yoast_head":"<!-- This site is optimized with the Yoast SEO plugin v25.3.1 - https:\/\/yoast.com\/wordpress\/plugins\/seo\/ -->\n<title>Pol\u00edtica de privacidade - Lendai<\/title>\n<meta name=\"description\" content=\": Voc\u00ea \u00e9 um investidor estrangeiro em busca de um financiamento? Temos total transpar\u00eancia com o tipo de informa\u00e7\u00e3o que recolhemos e registamos na Lendai e a forma como a utilizamos.\" \/>\n<meta name=\"robots\" content=\"index, follow, max-snippet:-1, max-image-preview:large, max-video-preview:-1\" \/>\n<link rel=\"canonical\" href=\"https:\/\/dev.lendai.us\/pt-pt\/politica-de-privacidade\/\" \/>\n<meta property=\"og:locale\" content=\"pt_PT\" \/>\n<meta property=\"og:type\" content=\"article\" \/>\n<meta property=\"og:title\" content=\"Pol\u00edtica de privacidade - Lendai\" \/>\n<meta property=\"og:description\" content=\": Voc\u00ea \u00e9 um investidor estrangeiro em busca de um financiamento? Temos total transpar\u00eancia com o tipo de informa\u00e7\u00e3o que recolhemos e registamos na Lendai e a forma como a utilizamos.\" \/>\n<meta property=\"og:url\" content=\"https:\/\/dev.lendai.us\/pt-pt\/politica-de-privacidade\/\" \/>\n<meta property=\"og:site_name\" content=\"Lendai\" \/>\n<meta property=\"article:publisher\" content=\"https:\/\/www.facebook.com\/Lendai.us\/\" \/>\n<meta property=\"article:modified_time\" content=\"2025-01-06T05:36:30+00:00\" \/>\n<meta name=\"twitter:card\" content=\"summary_large_image\" \/>\n<meta name=\"twitter:site\" content=\"@lendai_tech\" \/>\n<meta name=\"twitter:label1\" content=\"Tempo estimado de leitura\" \/>\n\t<meta name=\"twitter:data1\" content=\"6 minutos\" \/>\n<script type=\"application\/ld+json\" class=\"yoast-schema-graph\">{\"@context\":\"https:\/\/schema.org\",\"@graph\":[{\"@type\":\"WebPage\",\"@id\":\"https:\/\/dev.lendai.us\/pt-pt\/politica-de-privacidade\/\",\"url\":\"https:\/\/dev.lendai.us\/pt-pt\/politica-de-privacidade\/\",\"name\":\"Pol\u00edtica de privacidade - Lendai\",\"isPartOf\":{\"@id\":\"https:\/\/lendaius.kinsta.cloud\/#website\"},\"datePublished\":\"2020-11-26T07:47:07+00:00\",\"dateModified\":\"2025-01-06T05:36:30+00:00\",\"description\":\": Voc\u00ea \u00e9 um investidor estrangeiro em busca de um financiamento? Temos total transpar\u00eancia com o tipo de informa\u00e7\u00e3o que recolhemos e registamos na Lendai e a forma como a utilizamos.\",\"breadcrumb\":{\"@id\":\"https:\/\/dev.lendai.us\/pt-pt\/politica-de-privacidade\/#breadcrumb\"},\"inLanguage\":\"pt-PT\",\"potentialAction\":[{\"@type\":\"ReadAction\",\"target\":[\"https:\/\/dev.lendai.us\/pt-pt\/politica-de-privacidade\/\"]}]},{\"@type\":\"BreadcrumbList\",\"@id\":\"https:\/\/dev.lendai.us\/pt-pt\/politica-de-privacidade\/#breadcrumb\",\"itemListElement\":[{\"@type\":\"ListItem\",\"position\":1,\"name\":\"Home\",\"item\":\"https:\/\/lendaius.kinsta.cloud\/pt-pt\/\"},{\"@type\":\"ListItem\",\"position\":2,\"name\":\"Pol\u00edtica de privacidade\"}]},{\"@type\":\"WebSite\",\"@id\":\"https:\/\/lendaius.kinsta.cloud\/#website\",\"url\":\"https:\/\/lendaius.kinsta.cloud\/\",\"name\":\"Lendai\",\"description\":\"US Mortgage for Global Investors\",\"publisher\":{\"@id\":\"https:\/\/lendaius.kinsta.cloud\/#organization\"},\"potentialAction\":[{\"@type\":\"SearchAction\",\"target\":{\"@type\":\"EntryPoint\",\"urlTemplate\":\"https:\/\/lendaius.kinsta.cloud\/?s={search_term_string}\"},\"query-input\":{\"@type\":\"PropertyValueSpecification\",\"valueRequired\":true,\"valueName\":\"search_term_string\"}}],\"inLanguage\":\"pt-PT\"},{\"@type\":\"Organization\",\"@id\":\"https:\/\/lendaius.kinsta.cloud\/#organization\",\"name\":\"Lendai\",\"url\":\"https:\/\/lendaius.kinsta.cloud\/\",\"logo\":{\"@type\":\"ImageObject\",\"inLanguage\":\"pt-PT\",\"@id\":\"https:\/\/lendaius.kinsta.cloud\/#\/schema\/logo\/image\/\",\"url\":\"https:\/\/lendai.us\/wp-content\/uploads\/2022\/07\/Lendai-Logo.svg\",\"contentUrl\":\"https:\/\/lendai.us\/wp-content\/uploads\/2022\/07\/Lendai-Logo.svg\",\"width\":113,\"height\":28,\"caption\":\"Lendai\"},\"image\":{\"@id\":\"https:\/\/lendaius.kinsta.cloud\/#\/schema\/logo\/image\/\"},\"sameAs\":[\"https:\/\/www.facebook.com\/Lendai.us\/\",\"https:\/\/x.com\/lendai_tech\"]}]}<\/script>\n<!-- \/ Yoast SEO plugin. -->","yoast_head_json":{"title":"Pol\u00edtica de privacidade - Lendai","description":": Voc\u00ea \u00e9 um investidor estrangeiro em busca de um financiamento? Temos total transpar\u00eancia com o tipo de informa\u00e7\u00e3o que recolhemos e registamos na Lendai e a forma como a utilizamos.","robots":{"index":"index","follow":"follow","max-snippet":"max-snippet:-1","max-image-preview":"max-image-preview:large","max-video-preview":"max-video-preview:-1"},"canonical":"https:\/\/dev.lendai.us\/pt-pt\/politica-de-privacidade\/","og_locale":"pt_PT","og_type":"article","og_title":"Pol\u00edtica de privacidade - Lendai","og_description":": Voc\u00ea \u00e9 um investidor estrangeiro em busca de um financiamento? Temos total transpar\u00eancia com o tipo de informa\u00e7\u00e3o que recolhemos e registamos na Lendai e a forma como a utilizamos.","og_url":"https:\/\/dev.lendai.us\/pt-pt\/politica-de-privacidade\/","og_site_name":"Lendai","article_publisher":"https:\/\/www.facebook.com\/Lendai.us\/","article_modified_time":"2025-01-06T05:36:30+00:00","twitter_card":"summary_large_image","twitter_site":"@lendai_tech","twitter_misc":{"Tempo estimado de leitura":"6 minutos"},"schema":{"@context":"https:\/\/schema.org","@graph":[{"@type":"WebPage","@id":"https:\/\/dev.lendai.us\/pt-pt\/politica-de-privacidade\/","url":"https:\/\/dev.lendai.us\/pt-pt\/politica-de-privacidade\/","name":"Pol\u00edtica de privacidade - Lendai","isPartOf":{"@id":"https:\/\/lendaius.kinsta.cloud\/#website"},"datePublished":"2020-11-26T07:47:07+00:00","dateModified":"2025-01-06T05:36:30+00:00","description":": Voc\u00ea \u00e9 um investidor estrangeiro em busca de um financiamento? Temos total transpar\u00eancia com o tipo de informa\u00e7\u00e3o que recolhemos e registamos na Lendai e a forma como a utilizamos.","breadcrumb":{"@id":"https:\/\/dev.lendai.us\/pt-pt\/politica-de-privacidade\/#breadcrumb"},"inLanguage":"pt-PT","potentialAction":[{"@type":"ReadAction","target":["https:\/\/dev.lendai.us\/pt-pt\/politica-de-privacidade\/"]}]},{"@type":"BreadcrumbList","@id":"https:\/\/dev.lendai.us\/pt-pt\/politica-de-privacidade\/#breadcrumb","itemListElement":[{"@type":"ListItem","position":1,"name":"Home","item":"https:\/\/lendaius.kinsta.cloud\/pt-pt\/"},{"@type":"ListItem","position":2,"name":"Pol\u00edtica de privacidade"}]},{"@type":"WebSite","@id":"https:\/\/lendaius.kinsta.cloud\/#website","url":"https:\/\/lendaius.kinsta.cloud\/","name":"Lendai","description":"US Mortgage for Global Investors","publisher":{"@id":"https:\/\/lendaius.kinsta.cloud\/#organization"},"potentialAction":[{"@type":"SearchAction","target":{"@type":"EntryPoint","urlTemplate":"https:\/\/lendaius.kinsta.cloud\/?s={search_term_string}"},"query-input":{"@type":"PropertyValueSpecification","valueRequired":true,"valueName":"search_term_string"}}],"inLanguage":"pt-PT"},{"@type":"Organization","@id":"https:\/\/lendaius.kinsta.cloud\/#organization","name":"Lendai","url":"https:\/\/lendaius.kinsta.cloud\/","logo":{"@type":"ImageObject","inLanguage":"pt-PT","@id":"https:\/\/lendaius.kinsta.cloud\/#\/schema\/logo\/image\/","url":"https:\/\/lendai.us\/wp-content\/uploads\/2022\/07\/Lendai-Logo.svg","contentUrl":"https:\/\/lendai.us\/wp-content\/uploads\/2022\/07\/Lendai-Logo.svg","width":113,"height":28,"caption":"Lendai"},"image":{"@id":"https:\/\/lendaius.kinsta.cloud\/#\/schema\/logo\/image\/"},"sameAs":["https:\/\/www.facebook.com\/Lendai.us\/","https:\/\/x.com\/lendai_tech"]}]}},"_links":{"self":[{"href":"https:\/\/dev.lendai.us\/pt-pt\/wp-json\/wp\/v2\/pages\/24088","targetHints":{"allow":["GET"]}}],"collection":[{"href":"https:\/\/dev.lendai.us\/pt-pt\/wp-json\/wp\/v2\/pages"}],"about":[{"href":"https:\/\/dev.lendai.us\/pt-pt\/wp-json\/wp\/v2\/types\/page"}],"author":[{"embeddable":true,"href":"https:\/\/dev.lendai.us\/pt-pt\/wp-json\/wp\/v2\/users\/25"}],"replies":[{"embeddable":true,"href":"https:\/\/dev.lendai.us\/pt-pt\/wp-json\/wp\/v2\/comments?post=24088"}],"version-history":[{"count":12,"href":"https:\/\/dev.lendai.us\/pt-pt\/wp-json\/wp\/v2\/pages\/24088\/revisions"}],"predecessor-version":[{"id":30841,"href":"https:\/\/dev.lendai.us\/pt-pt\/wp-json\/wp\/v2\/pages\/24088\/revisions\/30841"}],"wp:attachment":[{"href":"https:\/\/dev.lendai.us\/pt-pt\/wp-json\/wp\/v2\/media?parent=24088"}],"curies":[{"name":"wp","href":"https:\/\/api.w.org\/{rel}","templated":true}]}}