{"id":30908,"date":"2025-01-30T05:50:31","date_gmt":"2025-01-30T05:50:31","guid":{"rendered":"https:\/\/lendai.us\/texas-recovery-fund-notice\/"},"modified":"2025-01-31T10:48:42","modified_gmt":"2025-01-31T10:48:42","slug":"aviso-do-fundo-de-recuperacao-do-texas","status":"publish","type":"page","link":"https:\/\/dev.lendai.us\/pt-pt\/aviso-do-fundo-de-recuperacao-do-texas\/","title":{"rendered":"Aviso do Fundo de Recupera\u00e7\u00e3o do Texas"},"content":{"rendered":"\t\t<div data-elementor-type=\"wp-page\" data-elementor-id=\"30908\" class=\"elementor elementor-30908 elementor-30902\" data-elementor-post-type=\"page\">\n\t\t\t\t\t\t<section class=\"elementor-section elementor-top-section elementor-element elementor-element-30dd6e7 elementor-section-boxed elementor-section-height-default elementor-section-height-default\" data-id=\"30dd6e7\" data-element_type=\"section\">\n\t\t\t\t\t\t<div class=\"elementor-container elementor-column-gap-default\">\n\t\t\t\t\t<div class=\"elementor-column elementor-col-100 elementor-top-column elementor-element elementor-element-fe389c4\" data-id=\"fe389c4\" data-element_type=\"column\">\n\t\t\t<div class=\"elementor-widget-wrap elementor-element-populated\">\n\t\t\t\t\t\t<div class=\"elementor-element elementor-element-d674f83 elementor-widget elementor-widget-heading\" data-id=\"d674f83\" data-element_type=\"widget\" data-widget_type=\"heading.default\">\n\t\t\t\t<div class=\"elementor-widget-container\">\n\t\t\t\t\t<h1 class=\"elementor-heading-title elementor-size-default\">Aviso do Fundo de Recupera\u00e7\u00e3o do Texas<\/h1>\t\t\t\t<\/div>\n\t\t\t\t<\/div>\n\t\t\t\t<div class=\"elementor-element elementor-element-b8dbd16 elementor-widget elementor-widget-text-editor\" data-id=\"b8dbd16\" data-element_type=\"widget\" data-widget_type=\"text-editor.default\">\n\t\t\t\t<div class=\"elementor-widget-container\">\n\t\t\t\t\t\t\t\t\t<p><strong>CONSUMIDORES QUE DESEJAM REGISTRAR UMA RECLAMA\u00c7\u00c3O CONTRA UMA EMPRESA OU UM ORIGINADOR DE EMPR\u00c9STIMOS IMOBILI\u00c1RIOS RESIDENCIAIS DEVEM PREENCHER E ENVIAR UM FORMUL\u00c1RIO DE RECLAMA\u00c7\u00c3O PARA O TEXAS DEPARTMENT OF SAVINGS AND MORTGAGE LENDING, 2601 NORTH LAMAR, SUITE 201, AUSTIN, TEXAS 78705.<\/strong><\/p>\n<p>Os formul\u00e1rios de reclama\u00e7\u00e3o e instru\u00e7\u00f5es podem ser obtidos no site do departamento em <strong><a href=\"http:\/\/WWW.SML.TEXAS.GOV\" target=\"_new\" rel=\"noopener\">WWW.SML.TEXAS.GOV<\/a><\/strong>.<\/p>\n<p>Uma linha direta gratuita para consumidores est\u00e1 dispon\u00edvel pelo telefone <strong>1-877-276-5550<\/strong>.<\/p>\n<p>O departamento mant\u00e9m um <strong>Fundo de Recupera\u00e7\u00e3o<\/strong> para efetuar pagamentos de determinados <strong>danos financeiros reais sofridos por mutu\u00e1rios<\/strong>, causados por atos de <strong>originadores de empr\u00e9stimos hipotec\u00e1rios residenciais licenciados<\/strong>.<\/p>\n<p>Uma <strong>solicita\u00e7\u00e3o por escrito<\/strong> de reembolso do Fundo de Recupera\u00e7\u00e3o deve ser <strong>enviada e analisada pelo departamento antes do pagamento de qualquer reivindica\u00e7\u00e3o<\/strong>.<\/p>\n<p>Para mais informa\u00e7\u00f5es sobre o Fundo de Recupera\u00e7\u00e3o, consulte o site do departamento em <strong><a href=\"http:\/\/WWW.SML.TEXAS.GOV\" target=\"_new\" rel=\"noopener\">WWW.SML.TEXAS.GOV<\/a><\/strong>.<\/p>\n<p><strong>Informa\u00e7\u00f5es adicionais podem ser encontradas em:<\/strong><br \/><a href=\"https:\/\/texreg.sos.state.tx.us\/public\/readtac$ext.TacPage?sl=R&amp;app=9&amp;p_dir=&amp;p_rloc=&amp;p_tloc=&amp;p_ploc=&amp;pg=1&amp;p_tac=&amp;ti=7&amp;pt=4&amp;ch=80&amp;rl=200\"><strong>C\u00f3digo Administrativo do Texas \u2013 Licenciamento Hipotec\u00e1rio e Fundo de Recupera\u00e7\u00e3o<\/strong>.<\/a><\/p>\t\t\t\t\t\t\t\t<\/div>\n\t\t\t\t<\/div>\n\t\t\t\t\t<\/div>\n\t\t<\/div>\n\t\t\t\t\t<\/div>\n\t\t<\/section>\n\t\t\t\t<\/div>\n\t\t","protected":false},"excerpt":{"rendered":"<p>CONSUMIDORES QUE DESEJAM REGISTRAR UMA RECLAMA\u00c7\u00c3O CONTRA UMA EMPRESA OU UM ORIGINADOR DE EMPR\u00c9STIMOS IMOBILI\u00c1RIOS RESIDENCIAIS DEVEM PREENCHER E ENVIAR UM FORMUL\u00c1RIO DE RECLAMA\u00c7\u00c3O PARA O TEXAS DEPARTMENT OF SAVINGS AND MORTGAGE LENDING, 2601 NORTH LAMAR, SUITE 201, AUSTIN, TEXAS 78705. Os formul\u00e1rios de reclama\u00e7\u00e3o e instru\u00e7\u00f5es podem ser obtidos no site do departamento em [&hellip;]<\/p>\n","protected":false},"author":25,"featured_media":0,"parent":0,"menu_order":72,"comment_status":"closed","ping_status":"closed","template":"elementor_header_footer","meta":{"footnotes":"","_links_to":"","_links_to_target":""},"class_list":["post-30908","page","type-page","status-publish","hentry"],"yoast_head":"<!-- This site is optimized with the Yoast SEO plugin v25.3.1 - https:\/\/yoast.com\/wordpress\/plugins\/seo\/ -->\n<title>Aviso do Fundo de Recupera\u00e7\u00e3o do Texas | Financiamento de im\u00f3veis nos EUA para investidores estrangeiros - Lendai<\/title>\n<meta name=\"description\" content=\"Este site \u00e9 protegido por direitos autorais pertencente a Lendai. A Lendai torna o financiamento dos EUA para investidores estrangeiros simples, r\u00e1pido e eficaz.\" \/>\n<meta name=\"robots\" content=\"index, follow, max-snippet:-1, max-image-preview:large, max-video-preview:-1\" \/>\n<link rel=\"canonical\" href=\"https:\/\/partnership.lendai.us\/pt-pt\/aviso-do-fundo-de-recuperacao-do-texas\/\" \/>\n<meta property=\"og:locale\" content=\"pt_PT\" \/>\n<meta property=\"og:type\" content=\"article\" \/>\n<meta property=\"og:title\" content=\"Aviso do Fundo de Recupera\u00e7\u00e3o do Texas | Financiamento de im\u00f3veis nos EUA para investidores estrangeiros - Lendai\" \/>\n<meta property=\"og:description\" content=\"Este site \u00e9 protegido por direitos autorais pertencente a Lendai. A Lendai torna o financiamento dos EUA para investidores estrangeiros simples, r\u00e1pido e eficaz.\" \/>\n<meta property=\"og:url\" content=\"https:\/\/partnership.lendai.us\/pt-pt\/aviso-do-fundo-de-recuperacao-do-texas\/\" \/>\n<meta property=\"og:site_name\" content=\"Lendai\" \/>\n<meta property=\"article:publisher\" content=\"https:\/\/www.facebook.com\/Lendai.us\/\" \/>\n<meta property=\"article:modified_time\" content=\"2025-01-31T10:48:42+00:00\" \/>\n<meta name=\"twitter:card\" content=\"summary_large_image\" \/>\n<meta name=\"twitter:site\" content=\"@lendai_tech\" \/>\n<meta name=\"twitter:label1\" content=\"Tempo estimado de leitura\" \/>\n\t<meta name=\"twitter:data1\" content=\"1 minuto\" \/>\n<script type=\"application\/ld+json\" class=\"yoast-schema-graph\">{\"@context\":\"https:\/\/schema.org\",\"@graph\":[{\"@type\":\"WebPage\",\"@id\":\"https:\/\/partnership.lendai.us\/pt-pt\/aviso-do-fundo-de-recuperacao-do-texas\/\",\"url\":\"https:\/\/partnership.lendai.us\/pt-pt\/aviso-do-fundo-de-recuperacao-do-texas\/\",\"name\":\"Aviso do Fundo de Recupera\u00e7\u00e3o do Texas | Financiamento de im\u00f3veis nos EUA para investidores estrangeiros - Lendai\",\"isPartOf\":{\"@id\":\"https:\/\/lendaius.kinsta.cloud\/#website\"},\"datePublished\":\"2025-01-30T05:50:31+00:00\",\"dateModified\":\"2025-01-31T10:48:42+00:00\",\"description\":\"Este site \u00e9 protegido por direitos autorais pertencente a Lendai. A Lendai torna o financiamento dos EUA para investidores estrangeiros simples, r\u00e1pido e eficaz.\",\"breadcrumb\":{\"@id\":\"https:\/\/partnership.lendai.us\/pt-pt\/aviso-do-fundo-de-recuperacao-do-texas\/#breadcrumb\"},\"inLanguage\":\"pt-PT\",\"potentialAction\":[{\"@type\":\"ReadAction\",\"target\":[\"https:\/\/partnership.lendai.us\/pt-pt\/aviso-do-fundo-de-recuperacao-do-texas\/\"]}]},{\"@type\":\"BreadcrumbList\",\"@id\":\"https:\/\/partnership.lendai.us\/pt-pt\/aviso-do-fundo-de-recuperacao-do-texas\/#breadcrumb\",\"itemListElement\":[{\"@type\":\"ListItem\",\"position\":1,\"name\":\"Home\",\"item\":\"https:\/\/lendaius.kinsta.cloud\/pt-pt\/\"},{\"@type\":\"ListItem\",\"position\":2,\"name\":\"Aviso do Fundo de Recupera\u00e7\u00e3o do Texas\"}]},{\"@type\":\"WebSite\",\"@id\":\"https:\/\/lendaius.kinsta.cloud\/#website\",\"url\":\"https:\/\/lendaius.kinsta.cloud\/\",\"name\":\"Lendai\",\"description\":\"US Mortgage for Global Investors\",\"publisher\":{\"@id\":\"https:\/\/lendaius.kinsta.cloud\/#organization\"},\"potentialAction\":[{\"@type\":\"SearchAction\",\"target\":{\"@type\":\"EntryPoint\",\"urlTemplate\":\"https:\/\/lendaius.kinsta.cloud\/?s={search_term_string}\"},\"query-input\":{\"@type\":\"PropertyValueSpecification\",\"valueRequired\":true,\"valueName\":\"search_term_string\"}}],\"inLanguage\":\"pt-PT\"},{\"@type\":\"Organization\",\"@id\":\"https:\/\/lendaius.kinsta.cloud\/#organization\",\"name\":\"Lendai\",\"url\":\"https:\/\/lendaius.kinsta.cloud\/\",\"logo\":{\"@type\":\"ImageObject\",\"inLanguage\":\"pt-PT\",\"@id\":\"https:\/\/lendaius.kinsta.cloud\/#\/schema\/logo\/image\/\",\"url\":\"https:\/\/lendai.us\/wp-content\/uploads\/2022\/07\/Lendai-Logo.svg\",\"contentUrl\":\"https:\/\/lendai.us\/wp-content\/uploads\/2022\/07\/Lendai-Logo.svg\",\"width\":113,\"height\":28,\"caption\":\"Lendai\"},\"image\":{\"@id\":\"https:\/\/lendaius.kinsta.cloud\/#\/schema\/logo\/image\/\"},\"sameAs\":[\"https:\/\/www.facebook.com\/Lendai.us\/\",\"https:\/\/x.com\/lendai_tech\"]}]}<\/script>\n<!-- \/ Yoast SEO plugin. -->","yoast_head_json":{"title":"Aviso do Fundo de Recupera\u00e7\u00e3o do Texas | Financiamento de im\u00f3veis nos EUA para investidores estrangeiros - Lendai","description":"Este site \u00e9 protegido por direitos autorais pertencente a Lendai. A Lendai torna o financiamento dos EUA para investidores estrangeiros simples, r\u00e1pido e eficaz.","robots":{"index":"index","follow":"follow","max-snippet":"max-snippet:-1","max-image-preview":"max-image-preview:large","max-video-preview":"max-video-preview:-1"},"canonical":"https:\/\/partnership.lendai.us\/pt-pt\/aviso-do-fundo-de-recuperacao-do-texas\/","og_locale":"pt_PT","og_type":"article","og_title":"Aviso do Fundo de Recupera\u00e7\u00e3o do Texas | Financiamento de im\u00f3veis nos EUA para investidores estrangeiros - Lendai","og_description":"Este site \u00e9 protegido por direitos autorais pertencente a Lendai. A Lendai torna o financiamento dos EUA para investidores estrangeiros simples, r\u00e1pido e eficaz.","og_url":"https:\/\/partnership.lendai.us\/pt-pt\/aviso-do-fundo-de-recuperacao-do-texas\/","og_site_name":"Lendai","article_publisher":"https:\/\/www.facebook.com\/Lendai.us\/","article_modified_time":"2025-01-31T10:48:42+00:00","twitter_card":"summary_large_image","twitter_site":"@lendai_tech","twitter_misc":{"Tempo estimado de leitura":"1 minuto"},"schema":{"@context":"https:\/\/schema.org","@graph":[{"@type":"WebPage","@id":"https:\/\/partnership.lendai.us\/pt-pt\/aviso-do-fundo-de-recuperacao-do-texas\/","url":"https:\/\/partnership.lendai.us\/pt-pt\/aviso-do-fundo-de-recuperacao-do-texas\/","name":"Aviso do Fundo de Recupera\u00e7\u00e3o do Texas | Financiamento de im\u00f3veis nos EUA para investidores estrangeiros - Lendai","isPartOf":{"@id":"https:\/\/lendaius.kinsta.cloud\/#website"},"datePublished":"2025-01-30T05:50:31+00:00","dateModified":"2025-01-31T10:48:42+00:00","description":"Este site \u00e9 protegido por direitos autorais pertencente a Lendai. A Lendai torna o financiamento dos EUA para investidores estrangeiros simples, r\u00e1pido e eficaz.","breadcrumb":{"@id":"https:\/\/partnership.lendai.us\/pt-pt\/aviso-do-fundo-de-recuperacao-do-texas\/#breadcrumb"},"inLanguage":"pt-PT","potentialAction":[{"@type":"ReadAction","target":["https:\/\/partnership.lendai.us\/pt-pt\/aviso-do-fundo-de-recuperacao-do-texas\/"]}]},{"@type":"BreadcrumbList","@id":"https:\/\/partnership.lendai.us\/pt-pt\/aviso-do-fundo-de-recuperacao-do-texas\/#breadcrumb","itemListElement":[{"@type":"ListItem","position":1,"name":"Home","item":"https:\/\/lendaius.kinsta.cloud\/pt-pt\/"},{"@type":"ListItem","position":2,"name":"Aviso do Fundo de Recupera\u00e7\u00e3o do Texas"}]},{"@type":"WebSite","@id":"https:\/\/lendaius.kinsta.cloud\/#website","url":"https:\/\/lendaius.kinsta.cloud\/","name":"Lendai","description":"US Mortgage for Global Investors","publisher":{"@id":"https:\/\/lendaius.kinsta.cloud\/#organization"},"potentialAction":[{"@type":"SearchAction","target":{"@type":"EntryPoint","urlTemplate":"https:\/\/lendaius.kinsta.cloud\/?s={search_term_string}"},"query-input":{"@type":"PropertyValueSpecification","valueRequired":true,"valueName":"search_term_string"}}],"inLanguage":"pt-PT"},{"@type":"Organization","@id":"https:\/\/lendaius.kinsta.cloud\/#organization","name":"Lendai","url":"https:\/\/lendaius.kinsta.cloud\/","logo":{"@type":"ImageObject","inLanguage":"pt-PT","@id":"https:\/\/lendaius.kinsta.cloud\/#\/schema\/logo\/image\/","url":"https:\/\/lendai.us\/wp-content\/uploads\/2022\/07\/Lendai-Logo.svg","contentUrl":"https:\/\/lendai.us\/wp-content\/uploads\/2022\/07\/Lendai-Logo.svg","width":113,"height":28,"caption":"Lendai"},"image":{"@id":"https:\/\/lendaius.kinsta.cloud\/#\/schema\/logo\/image\/"},"sameAs":["https:\/\/www.facebook.com\/Lendai.us\/","https:\/\/x.com\/lendai_tech"]}]}},"_links":{"self":[{"href":"https:\/\/dev.lendai.us\/pt-pt\/wp-json\/wp\/v2\/pages\/30908","targetHints":{"allow":["GET"]}}],"collection":[{"href":"https:\/\/dev.lendai.us\/pt-pt\/wp-json\/wp\/v2\/pages"}],"about":[{"href":"https:\/\/dev.lendai.us\/pt-pt\/wp-json\/wp\/v2\/types\/page"}],"author":[{"embeddable":true,"href":"https:\/\/dev.lendai.us\/pt-pt\/wp-json\/wp\/v2\/users\/25"}],"replies":[{"embeddable":true,"href":"https:\/\/dev.lendai.us\/pt-pt\/wp-json\/wp\/v2\/comments?post=30908"}],"version-history":[{"count":9,"href":"https:\/\/dev.lendai.us\/pt-pt\/wp-json\/wp\/v2\/pages\/30908\/revisions"}],"predecessor-version":[{"id":30935,"href":"https:\/\/dev.lendai.us\/pt-pt\/wp-json\/wp\/v2\/pages\/30908\/revisions\/30935"}],"wp:attachment":[{"href":"https:\/\/dev.lendai.us\/pt-pt\/wp-json\/wp\/v2\/media?parent=30908"}],"curies":[{"name":"wp","href":"https:\/\/api.w.org\/{rel}","templated":true}]}}